{"id":866,"date":"2015-06-27T16:30:51","date_gmt":"2015-06-27T16:30:51","guid":{"rendered":"https:\/\/casatabierna.com\/fr\/?page_id=866"},"modified":"2015-06-27T17:16:32","modified_gmt":"2015-06-27T17:16:32","slug":"tarifs","status":"publish","type":"page","link":"https:\/\/casatabierna.com\/fr\/tarifs\/","title":{"rendered":"Tarifs"},"content":{"rendered":"<div id=\"x-section-1\" class=\"x-section\" style=\"margin: 0px 0px 0px 0px; padding: 25px 0px 25px 0px;  background-color: transparent;\" ><div id=\"\" class=\"x-container max width\" style=\"margin: 0px auto 0px auto; padding: 0px 0px 0px 0px; \" ><div  class=\"x-column x-sm x-1-1\" style=\"padding: 0px 0px 0px 0px; \" ><div id=\"\" class=\"x-text\" style=\"\" ><p>\n<table id=\"tablepress-3\" class=\"tablepress tablepress-id-3\" aria-describedby=\"tablepress-3-description\">\n<thead>\n<tr class=\"row-1\">\n\t<td class=\"column-1\"><\/td><th class=\"column-2\">BASSE SAISON<\/th><th class=\"column-3\">TEMP MEDIA<\/th><th class=\"column-4\">HAUTE SAISON<\/th>\n<\/tr>\n<\/thead>\n<tbody class=\"row-striping row-hover\">\n<tr class=\"row-2\">\n\t<td class=\"column-1\">Jour (minimum de deux jour)<\/td><td class=\"column-2\">  65 \u20ac<\/td><td class=\"column-3\"><\/td><td class=\"column-4\">  75 \u20ac<\/td>\n<\/tr>\n<tr class=\"row-3\">\n\t<td class=\"column-1\">Fin de semaine<\/td><td class=\"column-2\">130 \u20ac<\/td><td class=\"column-3\"><\/td><td class=\"column-4\">150 \u20ac<\/td>\n<\/tr>\n<tr class=\"row-4\">\n\t<td class=\"column-1\">Semaine<\/td><td class=\"column-2\">440 \u20ac<\/td><td class=\"column-3\"><\/td><td class=\"column-4\">500 \u20ac<\/td>\n<\/tr>\n<\/tbody>\n<\/table>\n<span id=\"tablepress-3-description\" class=\"tablepress-table-description tablepress-table-description-id-3\">NOTE: La Novembre-D\u00e9cembre-Janvier-F\u00e9vrier-Mars sera une augmentation de 5 \u20ac par jour pour le chauffage.<br \/>\nSeule base.<br \/>\nTVA incluse<br \/>\n*** Pour les longs s\u00e9jours consulter prix ***<\/span>\n<!-- #tablepress-3 from cache --><\/p>\n<\/div><\/div><\/div><\/div><div id=\"x-section-2\" class=\"x-section\" style=\"margin: 0px 0px 0px 0px; padding: 25px 0px 25px 0px;  background-color: transparent;\" ><div id=\"\" class=\"x-container max width\" style=\"margin: 0px auto 0px auto; padding: 0px 0px 0px 0px; \" ><div  class=\"x-column x-sm x-1-1\" style=\"padding: 0px 0px 0px 0px; \" ><h2  class=\"h-custom-headline h2\" ><span>Saisons<\/span><\/h2><hr  class=\"x-hr\" ><div id=\"\" class=\"x-text\" style=\"\" ><p><strong>&#8211; Haute saison:<\/strong> Du 5 au 8 D\u00e9cembre et du 26 D\u00e9cembre \u00e0 31; 1 \u00e0 6 Janvier, du 29 au 31 Janvier; 6-7-13-14-20-21-27-28 F\u00e9vrier; 6-7-13-14-20-21-27-28 Mars; 1 \u00e0 5 Avril.<\/p>\n<p><strong>&#8211; Mi-saison:<\/strong> \u00a019 D\u00e9cembre et 20; Janvier 9-10-16-17-23-24; 15 \u00e0 19 F\u00e9vrier; 5 au 19 mars; 10\/11\/30 Avril; 1 au 2 mai.<\/p>\n<p><strong>&#8211; Basse saison:<\/strong> Reste de l&rsquo;ann\u00e9e.<\/p>\n<\/div><\/div><\/div><\/div><div id=\"x-section-3\" class=\"x-section\" style=\"margin: 0px 0px 0px 0px; padding: 25px 0px 45px 0px;  background-color: transparent;\" ><div id=\"\" class=\"x-container   max width\" style=\"margin: 0px auto 25px auto; padding: 0px 0px 0px 0px; \" ><div  class=\"x-column x-sm x-1-1\" style=\"padding: 0px 0px 0px 0px; \" ><h2  class=\"h-custom-headline left-text man h2\" ><span>Questions fr\u00e9quentes<\/span><\/h2><hr  class=\"x-hr\" ><\/div><\/div><div id=\"\" class=\"x-container max width\" style=\"margin: 0px auto 0px auto; padding: 0px 0px 0px 0px; \" ><div  class=\"x-column x-sm left-text  x-1-2\" style=\"padding: 0px 0px 0px 0px; \" ><div id=\"faq-1\" class=\"x-accordion\" ><div  class=\"x-accordion-group\" ><div class=\"x-accordion-heading\"><a id=\"tab-69e0ff1fc4e37\" class=\"x-accordion-toggle collapsed\" role=\"tab\" data-x-toggle=\"collapse-b\" data-x-toggleable=\"69e0ff1fc4e37\" data-x-toggle-group=\"faq-1\" aria-selected=\"false\" aria-expanded=\"false\" aria-controls=\"panel-69e0ff1fc4e37\"><i class='x-framework-icon x-shortcode-accordion-icon' data-x-icon-s='&#x2b;' aria-hidden=true><\/i><span>Est-ce que la maison ont associ\u00e9 un service de nettoyage?<\/span><\/a><\/div><div id=\"panel-69e0ff1fc4e37\" class=\"x-accordion-body x-collapsed\" role=\"tabpanel\" data-x-toggle-collapse=\"1\" data-x-toggleable=\"69e0ff1fc4e37\" aria-hidden=\"true\" aria-labelledby=\"tab-69e0ff1fc4e37\"><div class=\"x-accordion-inner\">\n<p>Lorem ipsum dolor sit amet, consectetur adipiscing elit. Pellentesque pretium, nisi ut volutpat mollis, leo risus interdum arcu, eget facilisis quam felis id mauris. Ut convallis, lacus nec ornare volutpat, velit turpis scelerisque purus, quis mollis velit purus ac massa. Fusce quis urna metus. Donec et lacus et sem lacinia cursus.<\/p>\n<\/div><\/div><\/div><div  class=\"x-accordion-group\" ><div class=\"x-accordion-heading\"><a id=\"tab-69e0ff1fc4eb3\" class=\"x-accordion-toggle collapsed\" role=\"tab\" data-x-toggle=\"collapse-b\" data-x-toggleable=\"69e0ff1fc4eb3\" data-x-toggle-group=\"faq-1\" aria-selected=\"false\" aria-expanded=\"false\" aria-controls=\"panel-69e0ff1fc4eb3\"><i class='x-framework-icon x-shortcode-accordion-icon' data-x-icon-s='&#x2b;' aria-hidden=true><\/i><span>Puis-je prendre mon animal de compagnie \u00e0 l'h\u00e9bergement?<\/span><\/a><\/div><div id=\"panel-69e0ff1fc4eb3\" class=\"x-accordion-body x-collapsed\" role=\"tabpanel\" data-x-toggle-collapse=\"1\" data-x-toggleable=\"69e0ff1fc4eb3\" aria-hidden=\"true\" aria-labelledby=\"tab-69e0ff1fc4eb3\"><div class=\"x-accordion-inner\">\n<p>Lorem ipsum dolor sit amet, consectetur adipiscing elit. Pellentesque pretium, nisi ut volutpat mollis, leo risus interdum arcu, eget facilisis quam felis id mauris. Ut convallis, lacus nec ornare volutpat, velit turpis scelerisque purus, quis mollis velit purus ac massa. Fusce quis urna metus. Donec et lacus et sem lacinia cursus.<\/p>\n<\/div><\/div><\/div><div  class=\"x-accordion-group\" ><div class=\"x-accordion-heading\"><a id=\"tab-69e0ff1fc4f1f\" class=\"x-accordion-toggle collapsed\" role=\"tab\" data-x-toggle=\"collapse-b\" data-x-toggleable=\"69e0ff1fc4f1f\" data-x-toggle-group=\"faq-1\" aria-selected=\"false\" aria-expanded=\"false\" aria-controls=\"panel-69e0ff1fc4f1f\"><i class='x-framework-icon x-shortcode-accordion-icon' data-x-icon-s='&#x2b;' aria-hidden=true><\/i><span>Dois-je apporter une sorte de liti\u00e8re?<\/span><\/a><\/div><div id=\"panel-69e0ff1fc4f1f\" class=\"x-accordion-body x-collapsed\" role=\"tabpanel\" data-x-toggle-collapse=\"1\" data-x-toggleable=\"69e0ff1fc4f1f\" aria-hidden=\"true\" aria-labelledby=\"tab-69e0ff1fc4f1f\"><div class=\"x-accordion-inner\">\n<p>Lorem ipsum dolor sit amet, consectetur adipiscing elit. Pellentesque pretium, nisi ut volutpat mollis, leo risus interdum arcu, eget facilisis quam felis id mauris. Ut convallis, lacus nec ornare volutpat, velit turpis scelerisque purus, quis mollis velit purus ac massa. Fusce quis urna metus. Donec et lacus et sem lacinia cursus.<\/p>\n<\/div><\/div><\/div><div  class=\"x-accordion-group\" ><div class=\"x-accordion-heading\"><a id=\"tab-69e0ff1fc4f61\" class=\"x-accordion-toggle collapsed\" role=\"tab\" data-x-toggle=\"collapse-b\" data-x-toggleable=\"69e0ff1fc4f61\" data-x-toggle-group=\"faq-1\" aria-selected=\"false\" aria-expanded=\"false\" aria-controls=\"panel-69e0ff1fc4f61\"><i class='x-framework-icon x-shortcode-accordion-icon' data-x-icon-s='&#x2b;' aria-hidden=true><\/i><span>Qui dois-je contacter en cas d'incident lors de mon s\u00e9jour?<\/span><\/a><\/div><div id=\"panel-69e0ff1fc4f61\" class=\"x-accordion-body x-collapsed\" role=\"tabpanel\" data-x-toggle-collapse=\"1\" data-x-toggleable=\"69e0ff1fc4f61\" aria-hidden=\"true\" aria-labelledby=\"tab-69e0ff1fc4f61\"><div class=\"x-accordion-inner\">\n<p>Lorem ipsum dolor sit amet, consectetur adipiscing elit. Pellentesque pretium, nisi ut volutpat mollis, leo risus interdum arcu, eget facilisis quam felis id mauris. Ut convallis, lacus nec ornare volutpat, velit turpis scelerisque purus, quis mollis velit purus ac massa. Fusce quis urna metus. Donec et lacus et sem lacinia cursus.<\/p>\n<\/div><\/div><\/div><\/div><\/div><div  class=\"x-column x-sm x-1-2\" style=\"padding: 0px 0px 0px 0px; \" ><div id=\"faq-2\" class=\"x-accordion\" ><div  class=\"x-accordion-group\" ><div class=\"x-accordion-heading\"><a id=\"tab-69e0ff1fc50b9\" class=\"x-accordion-toggle collapsed\" role=\"tab\" data-x-toggle=\"collapse-b\" data-x-toggleable=\"69e0ff1fc50b9\" data-x-toggle-group=\"faq-2\" aria-selected=\"false\" aria-expanded=\"false\" aria-controls=\"panel-69e0ff1fc50b9\"><i class='x-framework-icon x-shortcode-accordion-icon' data-x-icon-s='&#x2b;' aria-hidden=true><\/i><span>Qui va me voir et fournira les cl\u00e9s de l'appartement?<\/span><\/a><\/div><div id=\"panel-69e0ff1fc50b9\" class=\"x-accordion-body x-collapsed\" role=\"tabpanel\" data-x-toggle-collapse=\"1\" data-x-toggleable=\"69e0ff1fc50b9\" aria-hidden=\"true\" aria-labelledby=\"tab-69e0ff1fc50b9\"><div class=\"x-accordion-inner\">\n<p>Lorem ipsum dolor sit amet, consectetur adipiscing elit. Pellentesque pretium, nisi ut volutpat mollis, leo risus interdum arcu, eget facilisis quam felis id mauris. Ut convallis, lacus nec ornare volutpat, velit turpis scelerisque purus, quis mollis velit purus ac massa. Fusce quis urna metus. Donec et lacus et sem lacinia cursus.<\/p>\n<\/div><\/div><\/div><div  class=\"x-accordion-group\" ><div class=\"x-accordion-heading\"><a id=\"tab-69e0ff1fc50fa\" class=\"x-accordion-toggle collapsed\" role=\"tab\" data-x-toggle=\"collapse-b\" data-x-toggleable=\"69e0ff1fc50fa\" data-x-toggle-group=\"faq-2\" aria-selected=\"false\" aria-expanded=\"false\" aria-controls=\"panel-69e0ff1fc50fa\"><i class='x-framework-icon x-shortcode-accordion-icon' data-x-icon-s='&#x2b;' aria-hidden=true><\/i><span>Quelles sont les heures je dois quitter la propri\u00e9t\u00e9 et de remettre les cl\u00e9s?<\/span><\/a><\/div><div id=\"panel-69e0ff1fc50fa\" class=\"x-accordion-body x-collapsed\" role=\"tabpanel\" data-x-toggle-collapse=\"1\" data-x-toggleable=\"69e0ff1fc50fa\" aria-hidden=\"true\" aria-labelledby=\"tab-69e0ff1fc50fa\"><div class=\"x-accordion-inner\">\n<p>Lorem ipsum dolor sit amet, consectetur adipiscing elit. Pellentesque pretium, nisi ut volutpat mollis, leo risus interdum arcu, eget facilisis quam felis id mauris. Ut convallis, lacus nec ornare volutpat, velit turpis scelerisque purus, quis mollis velit purus ac massa. Fusce quis urna metus. Donec et lacus et sem lacinia cursus.<\/p>\n<\/div><\/div><\/div><div  class=\"x-accordion-group\" ><div class=\"x-accordion-heading\"><a id=\"tab-69e0ff1fc5155\" class=\"x-accordion-toggle collapsed\" role=\"tab\" data-x-toggle=\"collapse-b\" data-x-toggleable=\"69e0ff1fc5155\" data-x-toggle-group=\"faq-2\" aria-selected=\"false\" aria-expanded=\"false\" aria-controls=\"panel-69e0ff1fc5155\"><i class='x-framework-icon x-shortcode-accordion-icon' data-x-icon-s='&#x2b;' aria-hidden=true><\/i><span>Combien de personnes peuvent rester dans la maison?<\/span><\/a><\/div><div id=\"panel-69e0ff1fc5155\" class=\"x-accordion-body x-collapsed\" role=\"tabpanel\" data-x-toggle-collapse=\"1\" data-x-toggleable=\"69e0ff1fc5155\" aria-hidden=\"true\" aria-labelledby=\"tab-69e0ff1fc5155\"><div class=\"x-accordion-inner\">\n<p>Lorem ipsum dolor sit amet, consectetur adipiscing elit. Pellentesque pretium, nisi ut volutpat mollis, leo risus interdum arcu, eget facilisis quam felis id mauris. Ut convallis, lacus nec ornare volutpat, velit turpis scelerisque purus, quis mollis velit purus ac massa. Fusce quis urna metus. Donec et lacus et sem lacinia cursus.<\/p>\n<\/div><\/div><\/div><\/div><\/div><\/div><\/div>\n","protected":false},"excerpt":{"rendered":"","protected":false},"author":1,"featured_media":0,"parent":0,"menu_order":0,"comment_status":"closed","ping_status":"closed","template":"template-layout-full-width.php","meta":{"_joinchat":[],"footnotes":""},"class_list":["post-866","page","type-page","status-publish","hentry","no-post-thumbnail"],"_links":{"self":[{"href":"https:\/\/casatabierna.com\/fr\/wp-json\/wp\/v2\/pages\/866","targetHints":{"allow":["GET"]}}],"collection":[{"href":"https:\/\/casatabierna.com\/fr\/wp-json\/wp\/v2\/pages"}],"about":[{"href":"https:\/\/casatabierna.com\/fr\/wp-json\/wp\/v2\/types\/page"}],"author":[{"embeddable":true,"href":"https:\/\/casatabierna.com\/fr\/wp-json\/wp\/v2\/users\/1"}],"replies":[{"embeddable":true,"href":"https:\/\/casatabierna.com\/fr\/wp-json\/wp\/v2\/comments?post=866"}],"version-history":[{"count":3,"href":"https:\/\/casatabierna.com\/fr\/wp-json\/wp\/v2\/pages\/866\/revisions"}],"predecessor-version":[{"id":937,"href":"https:\/\/casatabierna.com\/fr\/wp-json\/wp\/v2\/pages\/866\/revisions\/937"}],"wp:attachment":[{"href":"https:\/\/casatabierna.com\/fr\/wp-json\/wp\/v2\/media?parent=866"}],"curies":[{"name":"wp","href":"https:\/\/api.w.org\/{rel}","templated":true}]}}