{"id":865,"date":"2015-06-27T16:30:16","date_gmt":"2015-06-27T16:30:16","guid":{"rendered":"https:\/\/casatabierna.com\/fr\/?page_id=865"},"modified":"2015-06-27T17:10:00","modified_gmt":"2015-06-27T17:10:00","slug":"reservations","status":"publish","type":"page","link":"https:\/\/casatabierna.com\/fr\/reservations\/","title":{"rendered":"R\u00e9servations"},"content":{"rendered":"<div id=\"x-section-1\" class=\"x-section center-text\" style=\"margin: 0px 0px 0px 0px; padding: 45px 0px 45px 0px; border-style: solid; border-width: 0px 0px 1px 0px; border-color: #e5e5e5;  background-color: #ffffff;\" ><div id=\"\" class=\"x-container max width\" style=\"margin: 0px auto 0px auto; padding: 0px 7% 0px 7%; \" ><div  class=\"x-column x-sm x-1-1\" style=\"padding: 0px 0px 0px 0px; \" ><div id=\"\" class=\"x-text\" style=\"\" ><p>Puede <strong>contactar<\/strong> con nosotros a trav\u00e9s del formulario de contacto de esta p\u00e1gina, por tel\u00e9fono llamando al\u00a0667 712 960 o mediante un correo electr\u00f3nico a la direcci\u00f3n\u00a0<a href=\"mailto:info@casatabierna.com\">info@casatabierna.com<\/a><\/p>\n<p>Muchas gracias.<\/p>\n<\/div><\/div><\/div><div id=\"\" class=\"x-container max width\" style=\"margin: 0px auto 0px auto; padding: 0px 7% 0px 7%; \" ><div  class=\"x-column x-sm x-1-1\" style=\"padding: 0px 0px 0px 0px; \" ><h2  class=\"h-custom-headline man h2\" ><span>Formulario de contacto<\/span><\/h2><hr  class=\"x-hr\" ><div  class=\"x-raw-content\" >\n<div class=\"wpcf7 no-js\" id=\"wpcf7-f933-o1\" lang=\"es-ES\" dir=\"ltr\" data-wpcf7-id=\"933\">\n<div class=\"screen-reader-response\"><p role=\"status\" aria-live=\"polite\" aria-atomic=\"true\"><\/p> <ul><\/ul><\/div>\n<form action=\"\/fr\/wp-json\/wp\/v2\/pages\/865#wpcf7-f933-o1\" method=\"post\" class=\"wpcf7-form init\" aria-label=\"Formulario de contacto\" novalidate=\"novalidate\" data-status=\"init\">\n<fieldset class=\"hidden-fields-container\"><input type=\"hidden\" name=\"_wpcf7\" value=\"933\" \/><input type=\"hidden\" name=\"_wpcf7_version\" value=\"6.1.5\" \/><input type=\"hidden\" name=\"_wpcf7_locale\" value=\"es_ES\" \/><input type=\"hidden\" name=\"_wpcf7_unit_tag\" value=\"wpcf7-f933-o1\" \/><input type=\"hidden\" name=\"_wpcf7_container_post\" value=\"0\" \/><input type=\"hidden\" name=\"_wpcf7_posted_data_hash\" value=\"\" \/>\n<\/fieldset>\n<p><span class=\"wpcf7-form-control-wrap\" data-name=\"your-name\"><input size=\"40\" maxlength=\"400\" class=\"wpcf7-form-control wpcf7-text wpcf7-validates-as-required\" aria-required=\"true\" aria-invalid=\"false\" placeholder=\"Nom\" value=\"\" type=\"text\" name=\"your-name\" \/><\/span><br \/>\n<span class=\"wpcf7-form-control-wrap\" data-name=\"your-email\"><input size=\"40\" maxlength=\"400\" class=\"wpcf7-form-control wpcf7-email wpcf7-validates-as-required wpcf7-text wpcf7-validates-as-email\" aria-required=\"true\" aria-invalid=\"false\" placeholder=\"Email\" value=\"\" type=\"email\" name=\"your-email\" \/><\/span><br \/>\n<span class=\"wpcf7-form-control-wrap\" data-name=\"your-subject\"><input size=\"40\" maxlength=\"400\" class=\"wpcf7-form-control wpcf7-text\" aria-invalid=\"false\" placeholder=\"Enterprise\" value=\"\" type=\"text\" name=\"your-subject\" \/><\/span><br \/>\n<label>Message:<\/label><span class=\"wpcf7-form-control-wrap\" data-name=\"your-message\"><textarea cols=\"40\" rows=\"4\" maxlength=\"2000\" class=\"wpcf7-form-control wpcf7-textarea\" aria-invalid=\"false\" name=\"your-message\"><\/textarea><\/span>\n<\/p>\n<p><span class=\"wpcf7-form-control-wrap\" data-name=\"acceptance-324\"><span class=\"wpcf7-form-control wpcf7-acceptance\"><span class=\"wpcf7-list-item\"><input type=\"checkbox\" name=\"acceptance-324\" value=\"1\" aria-invalid=\"false\" \/><\/span><\/span><\/span><span class=\"acepto\">Je l'ai lu et accepter la <a href=\"https:\/\/casatabierna.com\/fr\/politique-de-protection-des-donnees\/\" target=\"_blank\">politique de confidentialit\u00e9<\/a> et <a href=\"https:\/\/casatabierna.com\/fr\/avertissement-legal\/\" target=\"_blank\">conditions d'utilisation<\/a><\/span>\n<\/p>\n<p><input class=\"wpcf7-form-control wpcf7-submit has-spinner\" type=\"submit\" value=\"Envoyer\" \/>\n<\/p><div class=\"wpcf7-response-output\" aria-hidden=\"true\"><\/div>\n<\/form>\n<\/div>\n<\/div><\/div><\/div><\/div>\n","protected":false},"excerpt":{"rendered":"","protected":false},"author":1,"featured_media":0,"parent":0,"menu_order":0,"comment_status":"closed","ping_status":"closed","template":"template-layout-full-width.php","meta":{"_joinchat":[],"footnotes":""},"class_list":["post-865","page","type-page","status-publish","hentry","no-post-thumbnail"],"_links":{"self":[{"href":"https:\/\/casatabierna.com\/fr\/wp-json\/wp\/v2\/pages\/865","targetHints":{"allow":["GET"]}}],"collection":[{"href":"https:\/\/casatabierna.com\/fr\/wp-json\/wp\/v2\/pages"}],"about":[{"href":"https:\/\/casatabierna.com\/fr\/wp-json\/wp\/v2\/types\/page"}],"author":[{"embeddable":true,"href":"https:\/\/casatabierna.com\/fr\/wp-json\/wp\/v2\/users\/1"}],"replies":[{"embeddable":true,"href":"https:\/\/casatabierna.com\/fr\/wp-json\/wp\/v2\/comments?post=865"}],"version-history":[{"count":3,"href":"https:\/\/casatabierna.com\/fr\/wp-json\/wp\/v2\/pages\/865\/revisions"}],"predecessor-version":[{"id":934,"href":"https:\/\/casatabierna.com\/fr\/wp-json\/wp\/v2\/pages\/865\/revisions\/934"}],"wp:attachment":[{"href":"https:\/\/casatabierna.com\/fr\/wp-json\/wp\/v2\/media?parent=865"}],"curies":[{"name":"wp","href":"https:\/\/api.w.org\/{rel}","templated":true}]}}