{"id":864,"date":"2015-06-27T16:30:05","date_gmt":"2015-06-27T16:30:05","guid":{"rendered":"https:\/\/casatabierna.com\/fr\/?page_id=864"},"modified":"2015-06-27T17:06:54","modified_gmt":"2015-06-27T17:06:54","slug":"politique-de-protection-des-donnees","status":"publish","type":"page","link":"https:\/\/casatabierna.com\/fr\/politique-de-protection-des-donnees\/","title":{"rendered":"Politique de protection des donn\u00e9es"},"content":{"rendered":"<div id=\"x-section-1\" class=\"x-section\" style=\"margin: 0px 0px 0px 0px; padding: 45px 0px 45px 0px;  background-color: transparent;\" ><div id=\"\" class=\"x-container max width\" style=\"margin: 0px auto 0px auto; padding: 0px 0px 0px 0px; \" ><div  class=\"x-column x-sm x-1-1\" style=\"padding: 0px 0px 0px 0px; \" ><div id=\"\" class=\"x-text\" style=\"\" ><p>SOCIETE SL en tant que titulaire DOMINIO.com, cr\u00e9\u00e9 en ADRESSE COMPL\u00c8TE est pr\u00e9occup\u00e9 par la s\u00e9curit\u00e9 et pour garantir et prot\u00e9ger la confidentialit\u00e9 des donn\u00e9es fournies par les utilisateurs de notre site Web. Par cons\u00e9quent, nous garantissons que le traitement de donn\u00e9es est effectu\u00e9e dans des\u00a0 <strong>niveaux de s\u00e9curit\u00e9<\/strong> \u00a0qui emp\u00eachent la perte, de manipulation de donn\u00e9es ou de tout acc\u00e8s non autoris\u00e9.<\/p>\n<p>Afin de se conformer aux dispositions de\u00a0 <strong>la loi 15\/1999, du 13 D\u00e9cembre, la protection des donn\u00e9es personnelles<\/strong> \u00a0et de ses r\u00e8glements d&rsquo;application, BUSINESS SL informe que toutes les donn\u00e9es personnelles que les utilisateurs fournissent \u00e0 nos DOMINIO.com y compris l&rsquo;adresse IP de l&rsquo;ordinateur \u00e0 partir duquel accede-, soit par tout site Web des services d&rsquo;enregistrement ou de souscription ou en envoyant des commentaires ou des observations par e-mail, web, formulaires, etc., sera inclus dans un fichier d\u00fbment inscrit au registre de l&rsquo;Agence de protection des donn\u00e9es, qui appartient et est g\u00e9r\u00e9 COMPANY SL, et sera trait\u00e9 avec la plus grande confidentialit\u00e9.<\/p>\n<p>L&rsquo;\u00a0 <strong>donn\u00e9es<\/strong> \u00a0que les utilisateurs demandent DOMINIO.com visera \u00e0 fournir des services qui sont n\u00e9cessaires, g\u00e9rer la gestion de site, des \u00e9tudes statistiques ou d&rsquo;envoyer via un canal (courrier ou par e-mail, t\u00e9l\u00e9phone fixe ou mobile , SMS, MMS, Internet, etc.) des informations promotionnelles et des nouvelles de toutes les activit\u00e9s li\u00e9es \u00e0 l&rsquo;action MAINTENANT SL, en particulier ceux li\u00e9s aux offres qui sont d\u00e9velopp\u00e9s, les activit\u00e9s, etc.<\/p>\n<p>SOCIETE SL a mis en place les\u00a0 <strong>mesures de s\u00e9curit\u00e9<\/strong> \u00a0requises par la l\u00e9gislation en vigueur pour la protection des donn\u00e9es personnelles et a d\u00e9velopp\u00e9 les exigences techniques n\u00e9cessaires pour assurer la confidentialit\u00e9 des donn\u00e9es, \u00e0 pr\u00e9venir leur perte, alt\u00e9ration et acc\u00e8s. Toutefois, l&rsquo;utilisateur doit \u00eatre conscient que les mesures de s\u00e9curit\u00e9 sur Internet ne sont pas infaillibles.<\/p>\n<p>SOCIETE SL interdit l&rsquo;utilisation des services de son site Web pour\u00a0 <strong>les enfants moins de 14 ans<\/strong> . En outre, SOCI\u00c9T\u00c9 SL conseill\u00e9 que les mineurs (14 \u00e0 18) consultent avec leurs parents avant de fournir des donn\u00e9es personnelles et des rapports qui, dans tous les cas, les donn\u00e9es seront collect\u00e9es \u00e0 d&rsquo;autres membres de la famille sans le consentement de leurs porteurs.<\/p>\n<p>Si les donn\u00e9es requises personnels (soit pour l&rsquo;enregistrement ou \u00e0 la souscription \u00e0 tout type d&rsquo;exp\u00e9dition de marchandises aux fins de commentaires, etc.) ou non cela est accept\u00e9 la politique de vie priv\u00e9e implique de ne pas fournir\u00a0 <strong>l&rsquo;incapacit\u00e9 de recevoir<\/strong> \u00a0ces services.<\/p>\n<p>L&rsquo;utilisateur garantit que les donn\u00e9es personnelles fournies sont exactes et v\u00e9ridiques DOMINIO.com, SOCIETE SL se r\u00e9serve le droit de refuser site de service \u00e0 tout utilisateur qui a fourni de faux renseignements, sans pr\u00e9judice d&rsquo;autres actions pr\u00e9vues par la loi.<\/p>\n<p>SOCIETE SL est le seul destinataire des donn\u00e9es. Les parties int\u00e9ress\u00e9es peuvent exercer leurs droits d&rsquo;acc\u00e8s, de rectification, annulation et opposition en termes juridiques par les canaux suivants:<\/p>\n<p>&#8211; Envoi d&rsquo;une note de ADRESSE COMPL\u00c8TE \u00e9crite, en indiquant: \u00ab\u00a0Annulation de donn\u00e9es (Internet)\u00a0\u00bb.<\/p>\n<p>&#8211; Envoi d&rsquo;un email \u00e0 <a href=\"mailto:yourname@yourdomain.com\" target=\"_blank\">yourname@yourdomain.com.<\/a><\/p>\n<\/div><\/div><\/div><\/div>\n","protected":false},"excerpt":{"rendered":"","protected":false},"author":1,"featured_media":0,"parent":0,"menu_order":0,"comment_status":"closed","ping_status":"closed","template":"template-layout-full-width.php","meta":{"_joinchat":[],"footnotes":""},"class_list":["post-864","page","type-page","status-publish","hentry","no-post-thumbnail"],"_links":{"self":[{"href":"https:\/\/casatabierna.com\/fr\/wp-json\/wp\/v2\/pages\/864","targetHints":{"allow":["GET"]}}],"collection":[{"href":"https:\/\/casatabierna.com\/fr\/wp-json\/wp\/v2\/pages"}],"about":[{"href":"https:\/\/casatabierna.com\/fr\/wp-json\/wp\/v2\/types\/page"}],"author":[{"embeddable":true,"href":"https:\/\/casatabierna.com\/fr\/wp-json\/wp\/v2\/users\/1"}],"replies":[{"embeddable":true,"href":"https:\/\/casatabierna.com\/fr\/wp-json\/wp\/v2\/comments?post=864"}],"version-history":[{"count":3,"href":"https:\/\/casatabierna.com\/fr\/wp-json\/wp\/v2\/pages\/864\/revisions"}],"predecessor-version":[{"id":931,"href":"https:\/\/casatabierna.com\/fr\/wp-json\/wp\/v2\/pages\/864\/revisions\/931"}],"wp:attachment":[{"href":"https:\/\/casatabierna.com\/fr\/wp-json\/wp\/v2\/media?parent=864"}],"curies":[{"name":"wp","href":"https:\/\/api.w.org\/{rel}","templated":true}]}}