{"id":863,"date":"2015-06-27T16:29:50","date_gmt":"2015-06-27T16:29:50","guid":{"rendered":"https:\/\/casatabierna.com\/fr\/?page_id=863"},"modified":"2015-06-27T17:06:25","modified_gmt":"2015-06-27T17:06:25","slug":"la-politique-des-cookies","status":"publish","type":"page","link":"https:\/\/casatabierna.com\/fr\/la-politique-des-cookies\/","title":{"rendered":"La politique des cookies"},"content":{"rendered":"<div id=\"x-section-1\" class=\"x-section\" style=\"margin: 0px 0px 0px 0px; padding: 45px 0px 45px 0px;  background-color: transparent;\" ><div id=\"\" class=\"x-container max width\" style=\"margin: 0px auto 0px auto; padding: 0px 0px 0px 0px; \" ><div  class=\"x-column x-sm x-1-1\" style=\"padding: 0px 0px 0px 0px; \" ><div id=\"\" class=\"x-text\" style=\"\" ><p>Un <em>t\u00e9moin<\/em> est un petit fichier texte qui est stock\u00e9 sur votre navigateur lorsque vous visitez un site Web presque. Son utilit\u00e9 est que le web est capable de se souvenir de votre visite prochaine fois que vous naviguez sur cette page. Les <em>biscuits<\/em> stockent habituellement les informations techniques, les pr\u00e9f\u00e9rences personnelles, la personnalisation du contenu, statistiques d&rsquo;utilisation, des liens vers les r\u00e9seaux sociaux, l&rsquo;acc\u00e8s \u00e0 des comptes d&rsquo;utilisateurs, etc. Le but du <em>biscuit<\/em> est d&rsquo;adapter le contenu du web \u00e0 votre profil et les besoins sans <em>les cookies<\/em> les services offerts par une page \u00eatre consid\u00e9rablement diminu\u00e9.Pour plus d&rsquo;informations sur ce que sont les <em>t\u00e9moins<\/em> qui stockent, comment faire pour supprimer, d\u00e9sactiver, etc., <a href=\"https:\/\/casatabierna.com\/fr\/plus-dinformations-sur-les-cookies\/\">s&rsquo;il vous pla\u00eet \u00eatre dirig\u00e9 vers ce lien.<\/a><\/p>\n<h2>LES COOKIES UTILIS\u00c9S SUR CE SITE<\/h2>\n<p>Conform\u00e9ment aux directives de l&rsquo;Agence espagnole pour la protection des donn\u00e9es, nous d\u00e9taillons l&rsquo;utilisation des <em>biscuits<\/em>fait cette web afin de vous informer avec le maximum de pr\u00e9cision possible.<\/p>\n<p>Ce site utilise les suivantes <strong>propres cookies<\/strong> :<\/p>\n<ul>\n<li>Les cookies de session afin d&rsquo;assurer que les utilisateurs qui \u00e9crivent des commentaires sur le blog sont des applications humaines et non automatis\u00e9s. De cette fa\u00e7on, vous vous battez <em>le spam<\/em> .<\/li>\n<\/ul>\n<p>Ce site utilise les suivants <strong>cookies tiers<\/strong> :<\/p>\n<ul>\n<li>Google Analytics stocke <em>les cookies<\/em> pour compiler des statistiques sur le volume de trafic et des visiteurs de ce site. En utilisant ce site Web, vous consentez express\u00e9ment au traitement de vos donn\u00e9es nominatives par Google. Par cons\u00e9quent, l&rsquo;exercice de tous les droits \u00e0 cet \u00e9gard doit le faire en communiquant directement avec Google.<\/li>\n<li>Les r\u00e9seaux sociaux: Chaque r\u00e9seau social utilise ses propres <em>biscuits<\/em> pour vous de cliquer sur les boutons de type <em>Comme<\/em>ou <em>Partager<\/em> .<\/li>\n<\/ul>\n<h2>LA D\u00c9SACTIVATION OU LA SUPPRESSION DES COOKIES<\/h2>\n<p>A tout moment vous pouvez exercer votre droit de d\u00e9sactiver ou supprimer les cookies de ce site. Ces actions sont effectu\u00e9es diff\u00e9remment selon le navigateur que vous utilisez. <a href=\"https:\/\/casatabierna.com\/mas-informacion-sobre-las-cookies\/#navegadores\">Ici, nous quittons un bref guide pour les navigateurs les plus populaires<\/a> .<\/p>\n<h2>NOTES COMPL\u00c9MENTAIRES<\/h2>\n<ul>\n<li>Ni ce site ni leurs repr\u00e9sentants l\u00e9gaux sont responsables du contenu ou de la v\u00e9racit\u00e9 des politiques de confidentialit\u00e9 des tiers qui peuvent \u00eatre mentionn\u00e9s dans cette politique <em>les cookies<\/em> .<\/li>\n<li>Les navigateurs web sont des outils charg\u00e9s de stocker <em>des cookies<\/em> et de cet endroit devraient porter leur droit de retrait ou de les d\u00e9sactiver. Ni ce site ni leurs repr\u00e9sentants juridiques peuvent assurer le traitement ad\u00e9quat ou inexact de<em>biscuits<\/em> par les navigateurs mentionn\u00e9s.<\/li>\n<li>Dans certains cas, il est n\u00e9cessaire d&rsquo;installer <em>des cookies<\/em> afin que le navigateur de m\u00e9moriser sa d\u00e9cision de ne pas les accepter.<\/li>\n<li>Dans le cas des <em>biscuits<\/em> par Google Analytics, la soci\u00e9t\u00e9 stocke <em>les cookies<\/em> sur des serveurs aux \u00c9tats-Unis et acceptez de ne pas partager avec les autres, sauf lorsque cela est n\u00e9cessaire pour le fonctionnement du syst\u00e8me ou lorsque requis par la loi de cet effet. Google ne garde pas que votre adresse IP. Google Inc. est une soci\u00e9t\u00e9 joint \u00e0 l&rsquo;accord Safe Harbor garantit que toutes les donn\u00e9es transf\u00e9r\u00e9es seront trait\u00e9es avec un niveau de protection selon les normes europ\u00e9ennes. Vous pouvez trouver des informations d\u00e9taill\u00e9es \u00e0 ce sujet <a href=\"http:\/\/safeharbor.export.gov\/companyinfo.aspx?id=16626\" target=\"_blank\">\u00e0 ce lien<\/a> . Pour plus d&rsquo;informations sur l&rsquo;utilisation de Google donne aux cookies <a href=\"https:\/\/developers.google.com\/analytics\/devguides\/collection\/analyticsjs\/cookie-usage?hl=es&amp;csw=1\" target=\"_blank\">que nous attachons un autre lien<\/a> .<\/li>\n<li>Pour toute question au sujet de cette politique <em>les cookies<\/em> ne pas h\u00e9siter \u00e0 nous contacter via la rubrique contact.<\/li>\n<\/ul>\n<\/div><\/div><\/div><\/div>\n","protected":false},"excerpt":{"rendered":"","protected":false},"author":1,"featured_media":0,"parent":0,"menu_order":0,"comment_status":"closed","ping_status":"closed","template":"template-layout-full-width.php","meta":{"_joinchat":[],"footnotes":""},"class_list":["post-863","page","type-page","status-publish","hentry","no-post-thumbnail"],"_links":{"self":[{"href":"https:\/\/casatabierna.com\/fr\/wp-json\/wp\/v2\/pages\/863","targetHints":{"allow":["GET"]}}],"collection":[{"href":"https:\/\/casatabierna.com\/fr\/wp-json\/wp\/v2\/pages"}],"about":[{"href":"https:\/\/casatabierna.com\/fr\/wp-json\/wp\/v2\/types\/page"}],"author":[{"embeddable":true,"href":"https:\/\/casatabierna.com\/fr\/wp-json\/wp\/v2\/users\/1"}],"replies":[{"embeddable":true,"href":"https:\/\/casatabierna.com\/fr\/wp-json\/wp\/v2\/comments?post=863"}],"version-history":[{"count":3,"href":"https:\/\/casatabierna.com\/fr\/wp-json\/wp\/v2\/pages\/863\/revisions"}],"predecessor-version":[{"id":930,"href":"https:\/\/casatabierna.com\/fr\/wp-json\/wp\/v2\/pages\/863\/revisions\/930"}],"wp:attachment":[{"href":"https:\/\/casatabierna.com\/fr\/wp-json\/wp\/v2\/media?parent=863"}],"curies":[{"name":"wp","href":"https:\/\/api.w.org\/{rel}","templated":true}]}}