{"id":862,"date":"2015-06-27T16:29:39","date_gmt":"2015-06-27T16:29:39","guid":{"rendered":"https:\/\/casatabierna.com\/fr\/?page_id=862"},"modified":"2015-06-27T17:05:17","modified_gmt":"2015-06-27T17:05:17","slug":"plus-dinformations-sur-les-cookies","status":"publish","type":"page","link":"https:\/\/casatabierna.com\/fr\/plus-dinformations-sur-les-cookies\/","title":{"rendered":"Plus d&#039;informations sur les cookies"},"content":{"rendered":"<div id=\"x-section-1\" class=\"x-section\" style=\"margin: 0px 0px 0px 0px; padding: 45px 0px 45px 0px;  background-color: transparent;\" ><div id=\"\" class=\"x-container max width\" style=\"margin: 0px auto 0px auto; padding: 0px 0px 0px 0px; \" ><div  class=\"x-column x-sm x-1-1\" style=\"padding: 0px 0px 0px 0px; \" ><div id=\"\" class=\"x-text\" style=\"\" ><h2>QU&rsquo;EST-CE QU&rsquo;UN COOKIE?<\/h2>\n<p>Un <em>t\u00e9moin<\/em> est un fichier texte <b>inoffensif<\/b> stock\u00e9 sur votre navigateur lorsque vous visitez un site Web presque. L&rsquo;utilit\u00e9 du<em>biscuit<\/em> est que le web est capable de se souvenir de votre visite prochaine fois que vous naviguez sur cette page. Bien que beaucoup de gens ne connaissent pas les <em>biscuits<\/em> ont \u00e9t\u00e9 en usage depuis 20 ans, lorsque le premier navigateur pour le World Wide Web.<\/p>\n<h2>QUEL EST PAS UN COOKIE?<\/h2>\n<p>Il est pas un virus ou un cheval de Troie, pas un ver, ou spam ou spyware ou ouverts fen\u00eatres pop-up.<\/p>\n<h2>QUELLES INFORMATIONS STOCKE UN <em>BISCUIT<\/em> ?<\/h2>\n<p>Les <em>t\u00e9moins<\/em> ne stockent pas souvent des informations sensibles sur vous, comme la carte de cr\u00e9dit ou de compte bancaire, de photographies, de votre carte d&rsquo;identit\u00e9 ou des renseignements personnels, etc. Les donn\u00e9es stock\u00e9es sont, les pr\u00e9f\u00e9rences personnelles techniques, la personnalisation du contenu, etc.<\/p>\n<p>Le serveur Web ne vous associez pas comme une personne si votre navigateur Web. En fait, si vous naviguez souvent avec Internet Explorer et essayez de parcourir le m\u00eame web avec Firefox ou Chrome, vous verrez que le web ne se rend pas compte que vous \u00eates la m\u00eame personne parce que vous \u00eates r\u00e9ellement associez le navigateur, pas la personne.<\/p>\n<h2>QUEL GENRE DE <em>BISCUITS<\/em> EXISTER?<\/h2>\n<ul>\n<li><em>Cookies<\/em> techniques: Ce sont les plus \u00e9l\u00e9mentaires et permettent, entre autres choses, de savoir quand vous naviguez sur un \u00eatre humain ou une application automatis\u00e9e, lorsqu&rsquo;un utilisateur anonyme et navigue un inscrit t\u00e2ches de base pour le fonctionnement de toute web dynamique.<\/li>\n<li><em>Cookies<\/em> analyse: recueillir des informations sur le type de navigation est performant, sections les plus utilis\u00e9s, num\u00e9ros de r\u00e9f\u00e9rence, la p\u00e9riode de temps d&rsquo;utilisation, la langue, etc.<\/li>\n<li><em>Cookies<\/em> publicit\u00e9 d&rsquo;affichage en fonction de leur navigation, leur pays d&rsquo;origine, la langue, etc.: la publicit\u00e9<\/li>\n<\/ul>\n<h2>QUELS SONT <em>LES COOKIES<\/em> SIENS ET CEUX DES AUTRES?<\/h2>\n<p>Les <em>t\u00e9moins se<\/em> sont g\u00e9n\u00e9r\u00e9es par la page que vous \u00eates en visite et <em>troisi\u00e8me<\/em> sont g\u00e9n\u00e9r\u00e9s par les fournisseurs internes ou externes tels que Facebook, Twitter, Google, etc.<\/p>\n<h2>QUE FAIRE SI JE D\u00c9SACTIVE LES <em>BISCUITS<\/em> ?<\/h2>\n<p>Pour comprendre la port\u00e9e que peut avoir d\u00e9sactiver <em>les cookies<\/em> , nous montrons quelques exemples:<\/p>\n<ul>\n<li>Vous ne pouvez pas partager le contenu de cette page sur Facebook, Twitter ou tout autre r\u00e9seau social.<\/li>\n<li>Le site ne sera pas adapter le contenu \u00e0 leurs pr\u00e9f\u00e9rences personnelles, comme cela arrive souvent dans les magasins en ligne.<\/li>\n<li>Vous ne pouvez pas acc\u00e9der \u00e0 la zone personnelle du web, tels que <em>Mon compte<\/em> , ou <em>mon profil<\/em> ou <em>Mes commandes<\/em> .<\/li>\n<li>Les magasins en ligne: Il sera impossible de faire des achats en ligne, devront \u00eatre t\u00e9l\u00e9phonique ou en visitant le magasin physique si vous en avez un.<\/li>\n<li>Il ne sera pas possible de personnaliser leurs pr\u00e9f\u00e9rences g\u00e9ographiques, le fuseau horaire, la devise ou la langue.<\/li>\n<li>Le site ne peut pas effectuer les visiteurs web analytiques et le trafic sur le web, ce qui rend difficile pour le site pour \u00eatre comp\u00e9titif.<\/li>\n<li>Vous ne pouvez pas \u00e9crire sur le blog, vous ne pouvez pas t\u00e9l\u00e9charger des photos, poster des commentaires, \u00e9valuer ou contenu de taux. Le Web ne peut pas savoir si vous \u00eates un humain ou une application automatis\u00e9e qui publie <em>le spam<\/em> .<\/li>\n<li>Pas de publicit\u00e9 peut montrer en coupe, r\u00e9duisant les recettes de la publicit\u00e9 sur le web.<\/li>\n<li>Tous les r\u00e9seaux sociaux utilisent <em>les cookies<\/em> , si les personnes handicap\u00e9es ne peuvent pas utiliser n&rsquo;importe quel r\u00e9seau social.<\/li>\n<\/ul>\n<h2>PUIS-JE SUPPRIMER <em>LES COOKIES<\/em> ?<\/h2>\n<p>Oui. Non seulement \u00e9liminent \u00e9galement bloquer, g\u00e9n\u00e9rale ou particuli\u00e8re \u00e0 un domaine sp\u00e9cifique.<\/p>\n<p>Pour supprimer <em>les cookies<\/em> d&rsquo;un site Web doit aller dans les param\u00e8tres de votre navigateur et vous y trouverez le domaine associ\u00e9 en question et proc\u00e9der \u00e0 son \u00e9limination.<\/p>\n<h2 id=\"navegadores\">CONFIGURATION <em>DES COOKIES<\/em> POUR LES NAVIGATEURS POLULARES<\/h2>\n<p>Voici comment acc\u00e9der \u00e0 un <em>biscuit<\/em> navigateur particulier <b>Chrome<\/b> . Remarque: ces \u00e9tapes peuvent varier en fonction de la version du navigateur:<\/p>\n<ol>\n<li>Allez dans Param\u00e8tres ou Pr\u00e9f\u00e9rences utilisant le menu Fichier ou en cliquant sur l&rsquo;ic\u00f4ne qui appara\u00eet en haut \u00e0 droite de personnalisation.<\/li>\n<li>Vous voyez les diff\u00e9rentes sections, cliquez sur l&rsquo;option <em>Afficher les options avanc\u00e9es<\/em> .<\/li>\n<li>Aller \u00e0 <em>la confidentialit\u00e9<\/em> , <em>Param\u00e8tres de contenu<\/em> .<\/li>\n<li>S\u00e9lectionnez <em>Toutes <em>les cookies<\/em> et les donn\u00e9es du site<\/em> .<\/li>\n<li>une liste appara\u00eet avec tous <em>les cookies<\/em> command\u00e9s par domaine. Pour rendre plus facile \u00e0 trouver les <em>t\u00e9moins<\/em> d&rsquo;un domaine sp\u00e9cifique partiellement ou compl\u00e8tement saisir l&rsquo;adresse dans le champ <em>Rechercher les cookies<\/em> .<\/li>\n<li>Apr\u00e8s avoir fait ce filtre appara\u00eet sur \u200b\u200bl&rsquo;\u00e9cran une ou plusieurs lignes avec les <em>biscuits<\/em> de la demande Web. Maintenant, suffit de le s\u00e9lectionner et appuyez sur <em>X<\/em> pour proc\u00e9der \u00e0 son \u00e9limination.<\/li>\n<\/ol>\n<p>Pour acc\u00e9der \u00e0 la configuration des <em>biscuits<\/em> le navigateur <b>Internet Explorer<\/b> , proc\u00e9dez comme suit (peut varier en fonction de la version du navigateur):<\/p>\n<ol>\n<li>Aller \u00e0 <em>Outils<\/em> , <em>Options Internet<\/em><\/li>\n<li>Cliquez <em>confidentialit\u00e9<\/em> .<\/li>\n<li>D\u00e9placez le curseur pour r\u00e9gler le niveau de confidentialit\u00e9 que vous voulez.<\/li>\n<\/ol>\n<p>Pour acc\u00e9der \u00e0 la configuration des <em>biscuits<\/em> le navigateur <b>Firefox<\/b> suivez ces \u00e9tapes (peut varier en fonction de la version du navigateur):<\/p>\n<ol>\n<li>Acc\u00e9dez \u00e0 <em>des options<\/em> ou <em>Pr\u00e9f\u00e9rences<\/em> pour votre syst\u00e8me d&rsquo;exploitation.<\/li>\n<li>Cliquez <em>confidentialit\u00e9<\/em> .<\/li>\n<li>Dans <em>Histoire<\/em> choisir <em>Utiliser les param\u00e8tres personnalis\u00e9s pour l&rsquo;historique<\/em> .<\/li>\n<li>Maintenant, vous verrez l&rsquo;option <em>Accepter les cookies<\/em> , vous pouvez activer ou d\u00e9sactiver \u00e0 volont\u00e9.<\/li>\n<\/ol>\n<p>Pour acc\u00e9der \u00e0 la configuration <em>des cookies<\/em> navigateur <b>pour OSX Safari<\/b> suivez ces \u00e9tapes (peut varier en fonction de la version du navigateur):<\/p>\n<ol>\n<li>Aller au <em>Pr\u00e9f\u00e9rences<\/em> , puis <em>Confidentialit\u00e9<\/em> .<\/li>\n<li>Ici, vous verrez l&rsquo;option <em>bloquer les cookies<\/em> pour adapter le type de serrure \u00e0 effectuer.<\/li>\n<\/ol>\n<p>Pour acc\u00e9der \u00e0 la configuration des <em>biscuits<\/em> le navigateur <b>Safari pour iOS<\/b> suivez ces \u00e9tapes (peut varier en fonction de la version du navigateur):<\/p>\n<ol>\n<li>Acc\u00e9dez \u00e0 <em>R\u00e9glages<\/em> , puis <em>Safari<\/em> .<\/li>\n<li>Vous allez \u00e0 <em>la vie priv\u00e9e et de s\u00e9curit\u00e9<\/em> , voir l&rsquo;option <em>bloquer les cookies<\/em> pour adapter le type de serrure \u00e0 effectuer.<\/li>\n<\/ol>\n<p>Pour acc\u00e9der au r\u00e9glage <em>des cookies<\/em> dans le navigateur pour appareils <b>Android Android<\/b> suivez ces \u00e9tapes (peut varier en fonction de la version du navigateur):<\/p>\n<ol>\n<li>Lancez le navigateur et appuyez sur <em>Menu<\/em> , puis <em>Param\u00e8tres<\/em> .<\/li>\n<li>Aller \u00e0 la <em>confidentialit\u00e9 et de la s\u00e9curit\u00e9<\/em> , voir l&rsquo;option <em>Accepter les cookies<\/em> pour cocher ou d\u00e9cocher la case.<\/li>\n<\/ol>\n<p>Pour acc\u00e9der au r\u00e9glage <em>des cookies<\/em> dans le navigateur pour appareils <b>Windows Phone<\/b> suivez ces \u00e9tapes (peut varier en fonction de la version du navigateur):<\/p>\n<ol>\n<li>Ouvrez <em>Internet Explorer<\/em> , puis <em>Plus<\/em> , puis <em>Param\u00e8tres<\/em><\/li>\n<li>Maintenant, vous pouvez activer ou d\u00e9sactiver les <em>autoriser les cookies<\/em> .<\/li>\n<\/ol>\n<\/div><\/div><\/div><\/div>\n","protected":false},"excerpt":{"rendered":"","protected":false},"author":1,"featured_media":0,"parent":0,"menu_order":0,"comment_status":"closed","ping_status":"closed","template":"template-layout-full-width.php","meta":{"_joinchat":[],"footnotes":""},"class_list":["post-862","page","type-page","status-publish","hentry","no-post-thumbnail"],"_links":{"self":[{"href":"https:\/\/casatabierna.com\/fr\/wp-json\/wp\/v2\/pages\/862","targetHints":{"allow":["GET"]}}],"collection":[{"href":"https:\/\/casatabierna.com\/fr\/wp-json\/wp\/v2\/pages"}],"about":[{"href":"https:\/\/casatabierna.com\/fr\/wp-json\/wp\/v2\/types\/page"}],"author":[{"embeddable":true,"href":"https:\/\/casatabierna.com\/fr\/wp-json\/wp\/v2\/users\/1"}],"replies":[{"embeddable":true,"href":"https:\/\/casatabierna.com\/fr\/wp-json\/wp\/v2\/comments?post=862"}],"version-history":[{"count":4,"href":"https:\/\/casatabierna.com\/fr\/wp-json\/wp\/v2\/pages\/862\/revisions"}],"predecessor-version":[{"id":929,"href":"https:\/\/casatabierna.com\/fr\/wp-json\/wp\/v2\/pages\/862\/revisions\/929"}],"wp:attachment":[{"href":"https:\/\/casatabierna.com\/fr\/wp-json\/wp\/v2\/media?parent=862"}],"curies":[{"name":"wp","href":"https:\/\/api.w.org\/{rel}","templated":true}]}}