{"id":859,"date":"2015-06-27T16:28:59","date_gmt":"2015-06-27T16:28:59","guid":{"rendered":"https:\/\/casatabierna.com\/fr\/?page_id=859"},"modified":"2015-06-27T16:59:15","modified_gmt":"2015-06-27T16:59:15","slug":"accueil","status":"publish","type":"page","link":"https:\/\/casatabierna.com\/fr\/accueil\/","title":{"rendered":"Accueil"},"content":{"rendered":"<div id=\"x-section-1\" class=\"x-section center-text\" style=\"margin: 0px 0px 0px 0px; padding: 45px 0px 45px 0px; border-style: solid; border-width: 0px 0px 1px 0px; border-color: #e5e5e5;  background-color: #ffffff;\" ><div id=\"\" class=\"x-container max width\" style=\"margin: 0px auto 0px auto; padding: 0px 7% 0px 7%; \" ><div  class=\"x-column x-sm x-1-1\" style=\"padding: 0px 0px 0px 0px; \" ><h2  class=\"h-custom-headline man h2\" ><span>INTRODUCTION<\/span><\/h2><hr  class=\"x-hr\" ><div id=\"\" class=\"x-text\" style=\"\" ><p class=\"man\">Il est une maison de <strong>BIOCONSTRUCI\u00d3N<\/strong> men\u00e9e, autant que possible avec les \u00e9l\u00e9ments naturels propres comme la peinture verte, verni avec des cires naturelles de bois natif, ciment blanc et d&rsquo;autres \u00e9l\u00e9ments qui garantissent un s\u00e9jour tr\u00e8s confortable. <span class=\"Estilo24\">La maison est 4\/6 personnes et est enti\u00e8rement \u00e9quip\u00e9: TV, lave-linge, four, ustensiles de cuisine, linge, repassage &#8230;<\/span><\/p>\n<\/div><\/div><\/div><\/div><div id=\"x-section-2\" class=\"x-section\" style=\"margin: 0px 0px 0px 0px; padding: 45px 0px 0px 0px;  background-color: transparent;\" ><div id=\"\" class=\"x-container max width\" style=\"margin: 0px auto 45px auto; padding: 0px 0px 0px 0px; \" ><div  class=\"x-column x-sm x-2-3\" style=\"padding: 0px 0px 0px 0px; \" ><div id=\"\" class=\"x-text\" style=\"\" ><p><iframe loading=\"lazy\" src=\"https:\/\/www.google.com\/maps\/embed?pb=!1m18!1m12!1m3!1d11293.579629014883!2d0.15550895329543024!3d42.440903626441255!2m3!1f0!2f0!3f0!3m2!1i1024!2i768!4f13.1!3m3!1m2!1s0x12a7e4dae76858ff%3A0x21e4fbdd27f12ee3!2s22338+El+Pueyo+de+Aragu%C3%A1s%2C+Huesca!5e1!3m2!1ses!2ses!4v1430231699816\" width=\"100\" height=\"300\" frameborder=\"0\" style=\"border:0\"><\/iframe><\/p>\n<\/div><hr  class=\"x-gap x-hide-xl x-hide-lg x-hide-md \" style=\"margin: 20px 0 0 0;\"><\/div><div  class=\"x-column x-sm x-1-3\" style=\"padding: 0px 0px 0px 0px; \" ><h2  class=\"h-custom-headline h2\" style=\"margin: 0 0 0.15em;\"><span>SITUATION<\/span><\/h2><div id=\"\" class=\"x-text\" style=\"\" ><p>Viella Street School # 7 Los Molinos,<br \/>\nterme de El Pueyo de Araguas (Huesca)<br \/>\nT\u00e9l. 667 712960 &#8211; 637 843916<br \/>\ninfo@casatabierna.com<\/p>\n<\/div><h3  class=\"h-custom-headline h3\" style=\"margin: 1.25em 0 0.35em;\"><span>COMMENT OBTENIR?<\/span><\/h3><div  class=\"x-accordion\" ><div  class=\"x-accordion-group\" ><div class=\"x-accordion-heading\"><a id=\"tab-69e35e3001601\" class=\"x-accordion-toggle collapsed\" role=\"tab\" data-x-toggle=\"collapse-b\" data-x-toggleable=\"69e35e3001601\" aria-selected=\"false\" aria-expanded=\"false\" aria-controls=\"panel-69e35e3001601\"><i class='x-framework-icon x-shortcode-accordion-icon' data-x-icon-s='&#x2b;' aria-hidden=true><\/i><span>En voiture<\/span><\/a><\/div><div id=\"panel-69e35e3001601\" class=\"x-accordion-body x-collapsed\" role=\"tabpanel\" data-x-toggle-collapse=\"1\" data-x-toggleable=\"69e35e3001601\" aria-hidden=\"true\" aria-labelledby=\"tab-69e35e3001601\"><div class=\"x-accordion-inner\">Lorem ipsum dolor sit amet, has ut debet utroque, cu inani possit vim. Suas veritus ex nec, sit te nostrum molestie. Purto praesent sapientem his no, per te putent causae gubergren. Ut labore veritus minimum mei.<\/div><\/div><\/div><\/div><\/div><\/div><\/div><div id=\"x-section-3\" class=\"x-section center-text\" style=\"margin: 0px 0px 0px 0px; padding: 45px 0px 45px 0px;  background-color: #fafafa;\" ><div id=\"\" class=\"x-container max width\" style=\"margin: 0px auto 45px auto; padding: 0px 0px 0px 0px; \" ><div  class=\"x-column x-sm x-1-1\" style=\"padding: 0px 0px 0px 0px; \" ><h2  class=\"h-custom-headline man h2\" ><span>GALERIE MAISON<\/span><\/h2><hr  class=\"x-hr\" ><div id=\"\" class=\"x-text\" style=\"\" ><p class=\"man\">Voici quelques images g\u00e9n\u00e9rales de la maison.<\/p>\n<p class=\"man\">Si vous avez des doutes, ne h\u00e9sitez pas \u00e0 nous contacter par t\u00e9l\u00e9phone au 667 712 960 ou sur notre <a href=\"https:\/\/casatabierna.com\/en\/reservations\/\">formulaire de contact<\/a><\/p>\n<\/div><div id=\"\" class=\"x-text\" style=\"\" ><p><span id=\"x-lightbox-1\" data-x-element-lightbox=\"{&quot;selector&quot;:&quot;.gallery-icon a&quot;,&quot;deeplink&quot;:false,&quot;opacity&quot;:&quot;0.875&quot;,&quot;prevScale&quot;:&quot;0.75&quot;,&quot;prevOpacity&quot;:&quot;0.75&quot;,&quot;nextScale&quot;:&quot;0.75&quot;,&quot;nextOpacity&quot;:&quot;0.75&quot;,&quot;orientation&quot;:&quot;horizontal&quot;,&quot;thumbnails&quot;:false}\"><\/span><br \/>\n<\/p>\n<\/div><\/div><\/div><\/div><div id=\"x-section-4\" class=\"x-section center-text\" style=\"margin: 0px 0px 0px 0px; padding: 45px 0px 45px 0px; border-style: solid; border-width: 1px 0px 1px 0px; border-color: #ebeb00;  background-color: #272727;\" ><div id=\"\" class=\"x-container max width\" style=\"margin: 0px auto 0px auto; padding: 0px 0px 0px 0px; \" ><div  class=\"x-column x-sm x-1-1\" style=\"padding: 0px 0px 0px 0px; \" ><h5  class=\"x-text-type  man h3\" style=\"color:#ffffff\" data-x-element-text-type=\"{&quot;strings&quot;:[&quot;votre partenaire?&quot;,&quot;votre famille?&quot;,&quot;des amis?&quot;],&quot;type_speed&quot;:50,&quot;start_delay&quot;:0,&quot;back_speed&quot;:50,&quot;back_delay&quot;:3000,&quot;loop&quot;:true,&quot;show_cursor&quot;:true,&quot;cursor&quot;:&quot;|&quot;}\"><span class=\"prefix\">AVEZ-VOUS VENIR AVEC <\/span><span class=\"text\"><\/span><span class=\"suffix\"><strong>Racontez-nous votre exp\u00e9rience<\/strong><\/span><\/h5><\/div><\/div><\/div><div id=\"x-section-5\" class=\"x-section center-text\" style=\"margin: 0px 0px 0px 0px; padding: 45px 0px 0px 0px; border-style: solid; border-width: 0px 0px 1px 0px; border-color: #e5e5e5;  background-color: #ffffff;\" ><div id=\"\" class=\"x-container max width\" style=\"margin: 0px auto 45px auto; padding: 0px 0px 0px 0px; \" ><div  class=\"x-column x-sm x-1-1\" style=\"padding: 0px 0px 0px 0px; \" ><h2  class=\"h-custom-headline man h2\" ><span>Enqu\u00eate de satisfaction<\/span><\/h2><hr  class=\"x-hr\" ><div id=\"\" class=\"x-text\" style=\"\" ><p><strong>Votre avis est important<\/strong> pour nous. S&rsquo;il vous pla\u00eet remplir notre <a href=\"https:\/\/casatabierna.com\/fr\/enquete-de-satisfaction\/\" target=\"_blank\">enqu\u00eate de satisfaction<\/a> .<br \/>\nVous pourrez aider les autres int\u00e9ress\u00e9s par nos services.<br \/>\nJe vous remercie.<\/p>\n<\/div><\/div><\/div><div id=\"\" class=\"x-container max width\" style=\"margin: 0px auto 0px auto; padding: 0px 0px 0px 0px; \" ><div  class=\"x-column x-sm x-1-2\" style=\"padding: 0px 0px 0px 0px; \" ><h2  class=\"h-custom-headline man h2\" ><span>Avis<\/span><\/h2><hr  class=\"x-hr\" ><h4  class=\"h-feature-headline h6\" ><span><i class=\"x-icon-comment x-framework-icon\" data-x-icon-s=\"&#xf075;\" ><\/i>vituperatoribus nam et, hinc appetere vis in. An alii illum numquam his, vim ea ludus accusam.Ut mei nominavi principes, minim altera ocurreret mea ei, eum probo dolor no. Meis nominati ea usu, usu affert nostro et. Eos no idque vivendum, viris primis inimicus eum i<\/span><\/h4><h4  class=\"h-feature-headline h6\" ><span><i class=\"x-icon-comment x-framework-icon\" data-x-icon-s=\"&#xf075;\" ><\/i>Lorem ipsum dolor sit amet, cibo oportere vituperatoribus nam et, hinc appetere vis in. An alii illum numquam his, vim ea ludus accusam.<\/span><\/h4><\/div><div  class=\"x-column x-sm x-1-2\" style=\"padding: 0px 0px 0px 0px; \" ><h2  class=\"h-custom-headline man h2\" ><span>\u00c9VALUATION<\/span><\/h2><hr  class=\"x-hr\" ><h6 class=\"h-skill-bar\">PROCESSUS DE R\u00c9SERVATION<\/h6><div  class=\"x-skill-bar\" data-x-element=\"skill_bar\" data-x-params=\"{&quot;percent&quot;:&quot;98%&quot;}\"><div class=\"bar\" style=\"\"><div class=\"percent\">98%<\/div><\/div><\/div><h6 class=\"h-skill-bar\">TRAITEMENT PERSONNEL<\/h6><div  class=\"x-skill-bar\" data-x-element=\"skill_bar\" data-x-params=\"{&quot;percent&quot;:&quot;90%&quot;}\"><div class=\"bar\" style=\"\"><div class=\"percent\">90%<\/div><\/div><\/div><h6 class=\"h-skill-bar\">NETTOYAGE<\/h6><div  class=\"x-skill-bar\" data-x-element=\"skill_bar\" data-x-params=\"{&quot;percent&quot;:&quot;95%&quot;}\"><div class=\"bar\" style=\"\"><div class=\"percent\">95%<\/div><\/div><\/div><h6 class=\"h-skill-bar\">INSTALLATIONS ET SERVICES<\/h6><div  class=\"x-skill-bar\" data-x-element=\"skill_bar\" data-x-params=\"{&quot;percent&quot;:&quot;78%&quot;}\"><div class=\"bar\" style=\"\"><div class=\"percent\">78%<\/div><\/div><\/div><h6 class=\"h-skill-bar\">RAPPORT QUALIT\u00c9-PRIX<\/h6><div  class=\"x-skill-bar\" data-x-element=\"skill_bar\" data-x-params=\"{&quot;percent&quot;:&quot;81%&quot;}\"><div class=\"bar\" style=\"\"><div class=\"percent\">81%<\/div><\/div><\/div><\/div><\/div><\/div>\n","protected":false},"excerpt":{"rendered":"","protected":false},"author":1,"featured_media":0,"parent":0,"menu_order":0,"comment_status":"closed","ping_status":"closed","template":"template-layout-full-width.php","meta":{"_joinchat":[],"footnotes":""},"class_list":["post-859","page","type-page","status-publish","hentry","no-post-thumbnail"],"_links":{"self":[{"href":"https:\/\/casatabierna.com\/fr\/wp-json\/wp\/v2\/pages\/859","targetHints":{"allow":["GET"]}}],"collection":[{"href":"https:\/\/casatabierna.com\/fr\/wp-json\/wp\/v2\/pages"}],"about":[{"href":"https:\/\/casatabierna.com\/fr\/wp-json\/wp\/v2\/types\/page"}],"author":[{"embeddable":true,"href":"https:\/\/casatabierna.com\/fr\/wp-json\/wp\/v2\/users\/1"}],"replies":[{"embeddable":true,"href":"https:\/\/casatabierna.com\/fr\/wp-json\/wp\/v2\/comments?post=859"}],"version-history":[{"count":8,"href":"https:\/\/casatabierna.com\/fr\/wp-json\/wp\/v2\/pages\/859\/revisions"}],"predecessor-version":[{"id":922,"href":"https:\/\/casatabierna.com\/fr\/wp-json\/wp\/v2\/pages\/859\/revisions\/922"}],"wp:attachment":[{"href":"https:\/\/casatabierna.com\/fr\/wp-json\/wp\/v2\/media?parent=859"}],"curies":[{"name":"wp","href":"https:\/\/api.w.org\/{rel}","templated":true}]}}