{"id":858,"date":"2015-06-27T16:28:04","date_gmt":"2015-06-27T16:28:04","guid":{"rendered":"https:\/\/casatabierna.com\/fr\/?page_id=858"},"modified":"2015-06-27T17:21:11","modified_gmt":"2015-06-27T17:21:11","slug":"inicio-fr","status":"publish","type":"page","link":"https:\/\/casatabierna.com\/fr\/","title":{"rendered":"Inicio FR"},"content":{"rendered":"<div id=\"x-section-1\" class=\"x-section\" style=\"margin: 0px 0px 0px 0px; padding: 45px 0px 45px 0px;  background-color: transparent;\" ><div id=\"\" class=\"x-container max width\" style=\"margin: 0px auto 0px auto; padding: 0px 0px 0px 0px; \" ><div  class=\"x-column x-sm x-1-4\" style=\"padding: 0px 0px 0px 0px; \" ><h2  class=\"h-feature-headline h2\" ><span><i class=\"x-icon-home x-framework-icon\" data-x-icon-s=\"&#xf015;\" ><\/i><a href=\"https:\/\/casatabierna.com\/fr\/accueil\/\">Accueil<\/a><\/span><\/h2><div id=\"\" class=\"x-text\" style=\"\" ><p><strong>Tabierna maison<\/strong> est une maison de <strong>tourisme rural.<\/strong><\/p>\n<\/div><hr  class=\"x-gap\" style=\"margin: 50px 0 0 0;\"><\/div><div  class=\"x-column x-sm x-1-4\" style=\"padding: 0px 0px 0px 0px; \" ><h2  class=\"h-feature-headline h2\" ><span><i class=\"x-icon-photo x-framework-icon\" data-x-icon-s=\"&#xf03e;\" ><\/i><a href=\"https:\/\/casatabierna.com\/fr\/le-village\/\">Village<\/a><\/span><\/h2><div id=\"\" class=\"x-text\" style=\"\" ><p>D\u00e9couvrez le <strong>Sobrarbe<\/strong> !<\/p>\n<\/div><hr  class=\"x-gap\" style=\"margin: 50px 0 0 0;\"><\/div><div  class=\"x-column x-sm x-1-4\" style=\"padding: 0px 0px 0px 0px; \" ><h2  class=\"h-feature-headline h2\" ><span><i class=\"x-icon-euro x-framework-icon\" data-x-icon-s=\"&#xf153;\" ><\/i><a href=\"https:\/\/casatabierna.com\/fr\/tarifs\/\">Tarifs<\/a><\/span><\/h2><div id=\"\" class=\"x-text\" style=\"\" ><p>S\u00e9jours dans les <strong>Pyr\u00e9n\u00e9es de Huesca<\/strong> au meilleur prix.<\/p>\n<\/div><hr  class=\"x-gap\" style=\"margin: 50px 0 0 0;\"><\/div><div  class=\"x-column x-sm x-1-4\" style=\"padding: 0px 0px 0px 0px; \" ><h2  class=\"h-feature-headline h2\" ><span><i class=\"x-icon-calendar x-framework-icon\" data-x-icon-s=\"&#xf133;\" ><\/i><a href=\"https:\/\/casatabierna.com\/en\/reservations\/\">R\u00e9servations<\/a><\/span><\/h2><div id=\"\" class=\"x-text\" style=\"\" ><p><strong>Contactez-nous<\/strong> pour<strong>r\u00e9server<\/strong> votre week-end!<\/p>\n<\/div><hr  class=\"x-gap\" style=\"margin: 50px 0 0 0;\"><\/div><\/div><\/div><div id=\"x-section-2\" class=\"x-section x-hide-xl x-hide-lg x-hide-md x-hide-sm x-hide-xs\" style=\"margin: 0px 0px 0px 0px; padding: 30px 0px 30px 0px;  background-color: #f4f4f4;\" ><div id=\"\" class=\"x-container max width\" style=\"margin: 0px auto 0px auto; padding: 0px 0px 0px 0px; \" ><div  class=\"x-column x-sm x-1-1\" style=\"padding: 0px 0px 0px 0px; \" ><h2  class=\"h-custom-headline h2\" ><span>QUE FAIRE?<\/span><\/h2><\/div><\/div><div id=\"\" class=\"x-container max width\" style=\"margin: 0px auto 0px auto; padding: 0px 0px 0px 0px; \" ><div  class=\"x-column x-sm x-1-3\" style=\"padding: 0px 0px 0px 0px; \" ><h3  class=\"h-custom-headline h3\" ><span>ACTIVIT\u00c9S<\/span><\/h3><div id=\"\" class=\"x-text\" style=\"\" ><p>\u00c0 <strong>la maison Tabierna<\/strong> nous proposons diff\u00e9rentes <strong>activit\u00e9s<\/strong> que vous pouvez faire dans la <strong>r\u00e9gion du Sobrarbe<\/strong> .<\/p>\n<\/div><hr  class=\"x-gap\" style=\"margin: 50px 0 0 0;\"><\/div><div  class=\"x-column x-sm x-2-3\" style=\"padding: 0px 0px 0px 0px; \" ><div  class=\"x-recent-posts cf horizontal\"  data-x-element=\"recent_posts\" data-x-params=\"{&quot;fade&quot;:false}\" data-fade=\"false\" ><\/div><div id=\"\" class=\"x-text\" style=\"\" ><p><a href=\"https:\/\/casatabierna.com\/fr\/lenvironnement\/activites\/\">Voir plus d&rsquo;activit\u00e9s<\/a><\/p>\n<\/div><\/div><\/div><div id=\"\" class=\"x-container max width\" style=\"margin: 0px auto 0px auto; padding: 0px 0px 0px 0px; \" ><div  class=\"x-column x-sm x-1-3\" style=\"padding: 0px 0px 0px 0px; \" ><h3  class=\"h-custom-headline h3\" ><span>VISITES RECOMMAND\u00c9ES<\/span><\/h3><div id=\"\" class=\"x-text\" style=\"\" ><p>Si vous venez \u00e0 cette zone, vous ne pouvez pas manquer &#8230;<\/p>\n<\/div><hr  class=\"x-gap\" style=\"margin: 50px 0 0 0;\"><\/div><div  class=\"x-column x-sm x-2-3\" style=\"padding: 0px 0px 0px 0px; \" ><div  class=\"x-recent-posts cf horizontal\"  data-x-element=\"recent_posts\" data-x-params=\"{&quot;fade&quot;:false}\" data-fade=\"false\" ><\/div><div id=\"\" class=\"x-text\" style=\"\" ><p><a href=\"https:\/\/casatabierna.com\/fr\/actividades-category\/visites-conseillees\/\">Voir plus de visites recommand\u00e9es<\/a><\/p>\n<\/div><\/div><\/div><div id=\"\" class=\"x-container max width\" style=\"margin: 0px auto 0px auto; padding: 0px 0px 0px 0px; \" ><div  class=\"x-column x-sm x-1-1\" style=\"padding: 0px 0px 0px 0px; \" ><span>&nbsp;<\/span><\/div><\/div><\/div>\n","protected":false},"excerpt":{"rendered":"","protected":false},"author":1,"featured_media":0,"parent":0,"menu_order":0,"comment_status":"closed","ping_status":"closed","template":"template-blank-4.php","meta":{"_joinchat":[],"footnotes":""},"class_list":["post-858","page","type-page","status-publish","hentry","no-post-thumbnail"],"_links":{"self":[{"href":"https:\/\/casatabierna.com\/fr\/wp-json\/wp\/v2\/pages\/858","targetHints":{"allow":["GET"]}}],"collection":[{"href":"https:\/\/casatabierna.com\/fr\/wp-json\/wp\/v2\/pages"}],"about":[{"href":"https:\/\/casatabierna.com\/fr\/wp-json\/wp\/v2\/types\/page"}],"author":[{"embeddable":true,"href":"https:\/\/casatabierna.com\/fr\/wp-json\/wp\/v2\/users\/1"}],"replies":[{"embeddable":true,"href":"https:\/\/casatabierna.com\/fr\/wp-json\/wp\/v2\/comments?post=858"}],"version-history":[{"count":7,"href":"https:\/\/casatabierna.com\/fr\/wp-json\/wp\/v2\/pages\/858\/revisions"}],"predecessor-version":[{"id":942,"href":"https:\/\/casatabierna.com\/fr\/wp-json\/wp\/v2\/pages\/858\/revisions\/942"}],"wp:attachment":[{"href":"https:\/\/casatabierna.com\/fr\/wp-json\/wp\/v2\/media?parent=858"}],"curies":[{"name":"wp","href":"https:\/\/api.w.org\/{rel}","templated":true}]}}