{"id":856,"date":"2015-06-27T16:27:30","date_gmt":"2015-06-27T16:27:30","guid":{"rendered":"https:\/\/casatabierna.com\/fr\/?page_id=856"},"modified":"2015-06-27T16:51:01","modified_gmt":"2015-06-27T16:51:01","slug":"le-village","status":"publish","type":"page","link":"https:\/\/casatabierna.com\/fr\/lenvironnement\/le-village\/","title":{"rendered":"Le village"},"content":{"rendered":"<div id=\"x-section-1\" class=\"x-section center-text\" style=\"margin: 0px 0px 0px 0px; padding: 45px 0px 45px 0px; border-style: solid; border-width: 0px 0px 1px 0px; border-color: #e5e5e5;  background-color: #ffffff;\" ><div id=\"\" class=\"x-container max width\" style=\"margin: 0px auto 0px auto; padding: 0px 7% 0px 7%; \" ><div  class=\"x-column x-sm x-1-1\" style=\"padding: 0px 0px 0px 0px; \" ><h2  class=\"h-custom-headline man h2\" ><span>LES MOULINS<\/span><\/h2><h3  class=\"h-custom-headline man h3\" ><span>(MUNICIPALIT\u00c9 DE EL PUEYO DE ARAGUAS)<\/span><\/h3><hr  class=\"x-hr\" ><div id=\"\" class=\"x-text\" style=\"\" ><p>Maison de tourisme rural dans la ville de Los Molinos appartient \u00e0 la Sobrarbe situ\u00e9 dans les Pyr\u00e9n\u00e9es Huesca.<\/p>\n<p>Situ\u00e9 \u00e0 environ 750 m\u00e8tres au dessus du niveau de la mer, il dispose d&rsquo;un emplacement privil\u00e9gi\u00e9 au pied de la Pe\u00f1a Monta\u00f1esa et le monast\u00e8re royal de San de Vitoria, d\u00e9clar\u00e9 d&rsquo;Int\u00e9r\u00eat Culturel.<\/p>\n<p>Los Molinos est calme et tranquille. Il est id\u00e9al pour \u00e9chapper \u00e0 la routine quotidienne. La population permanente ne parvient pas \u00e0 atteindre 10 personnes.<\/p>\n<\/div><\/div><\/div><\/div><div id=\"x-section-2\" class=\"x-section\" style=\"margin: 0px 0px 0px 0px; padding: 45px 0px 45px 0px;  background-color: transparent;\" ><div id=\"\" class=\"x-container max width\" style=\"margin: 0px auto 25px auto; padding: 0px 0px 0px 0px; \" ><div  class=\"x-column x-sm x-2-3\" style=\"padding: 0px 0px 0px 0px; \" ><div id=\"\" class=\"x-text\" style=\"\" ><p><iframe loading=\"lazy\" src=\"https:\/\/www.google.com\/maps\/embed?pb=!1m18!1m12!1m3!1d11293.579629014883!2d0.15550895329543024!3d42.440903626441255!2m3!1f0!2f0!3f0!3m2!1i1024!2i768!4f13.1!3m3!1m2!1s0x12a7e4dae76858ff%3A0x21e4fbdd27f12ee3!2s22338+El+Pueyo+de+Aragu%C3%A1s%2C+Huesca!5e1!3m2!1ses!2ses!4v1430231699816\" width=\"100\" height=\"300\" frameborder=\"0\" style=\"border:0\"><\/iframe><\/p>\n<\/div><hr  class=\"x-gap x-hide-xl x-hide-lg x-hide-md \" style=\"margin: 20px 0 0 0;\"><\/div><div  class=\"x-column x-sm x-1-3\" style=\"padding: 0px 0px 0px 0px; \" ><ul id=\"\" class=\"x-ul-icons mvn\" style=\"\" ><li id=\"\" class=\"x-li-icon\" style=\"\" ><i class=\"x-icon-check\" aria-hidden=\"true\" style=\"\" data-x-icon-s=\"&#xf00c;\" ><\/i><strong>Population:<\/strong> 21 habitants dans le recensement de 2001.<\/li><li id=\"\" class=\"x-li-icon\" style=\"\" ><i class=\"x-icon-check\" aria-hidden=\"true\" style=\"\" data-x-icon-s=\"&#xf00c;\" ><\/i><strong>Altitude:<\/strong> 750 m. dessus du niveau de la mer.<\/li><li id=\"\" class=\"x-li-icon\" style=\"\" ><i class=\"x-icon-check\" aria-hidden=\"true\" style=\"\" data-x-icon-s=\"&#xf00c;\" ><\/i><strong>Huesca distance:<\/strong> 120 km<\/li><li id=\"\" class=\"x-li-icon\" style=\"\" ><i class=\"x-icon-check\" aria-hidden=\"true\" style=\"\" data-x-icon-s=\"&#xf00c;\" ><\/i><strong>F\u00eates locales:<\/strong> le festival de la Vierge et la petite pour la Conversion de saint Paul.<\/li><\/ul><hr  class=\"x-gap\" style=\"margin: 50px 0 0 0;\"><div  class=\"x-accordion\" ><div  class=\"x-accordion-group\" ><div class=\"x-accordion-heading\"><a id=\"tab-69ea3ba1406c3\" class=\"x-accordion-toggle collapsed\" role=\"tab\" data-x-toggle=\"collapse-b\" data-x-toggleable=\"69ea3ba1406c3\" aria-selected=\"false\" aria-expanded=\"false\" aria-controls=\"panel-69ea3ba1406c3\"><i class='x-framework-icon x-shortcode-accordion-icon' data-x-icon-s='&#x2b;' aria-hidden=true><\/i><span>En voiture<\/span><\/a><\/div><div id=\"panel-69ea3ba1406c3\" class=\"x-accordion-body x-collapsed\" role=\"tabpanel\" data-x-toggle-collapse=\"1\" data-x-toggleable=\"69ea3ba1406c3\" aria-hidden=\"true\" aria-labelledby=\"tab-69ea3ba1406c3\"><div class=\"x-accordion-inner\">Lorem ipsum dolor sit amet, has ut debet utroque, cu inani possit vim. Suas veritus ex nec, sit te nostrum molestie. Purto praesent sapientem his no, per te putent causae gubergren. Ut labore veritus minimum mei.<\/div><\/div><\/div><\/div><\/div><\/div><\/div><div id=\"x-section-3\" class=\"x-section center-text\" style=\"margin: 0px 0px 0px 0px; padding: 45px 0px 45px 0px;  background-color: #fafafa;\" ><div id=\"\" class=\"x-container max width\" style=\"margin: 0px auto 45px auto; padding: 0px 0px 0px 0px; \" ><div  class=\"x-column x-sm x-1-1\" style=\"padding: 0px 0px 0px 0px; \" ><h2  class=\"h-custom-headline man h2\" ><span>VILLAGE GALERIE<\/span><\/h2><hr  class=\"x-hr\" ><div id=\"\" class=\"x-text\" style=\"\" ><p class=\"man\">Voici quelques photos g\u00e9n\u00e9rales de Los Molinos.<\/p>\n<\/div><div id=\"\" class=\"x-text\" style=\"\" ><p><span id=\"x-lightbox-1\" data-x-element-lightbox=\"{&quot;selector&quot;:&quot;.gallery-icon a&quot;,&quot;deeplink&quot;:false,&quot;opacity&quot;:&quot;0.875&quot;,&quot;prevScale&quot;:&quot;0.75&quot;,&quot;prevOpacity&quot;:&quot;0.75&quot;,&quot;nextScale&quot;:&quot;0.75&quot;,&quot;nextOpacity&quot;:&quot;0.75&quot;,&quot;orientation&quot;:&quot;horizontal&quot;,&quot;thumbnails&quot;:false}\"><\/span><br \/>\n<div id='gallery-1' class='gallery galleryid-856 gallery-columns-4 gallery-size-thumbnail'><dl class='gallery-item'>\n\t\t\t<dt class='gallery-icon landscape'>\n\t\t\t\t<a href='https:\/\/casatabierna.com\/wp-content\/uploads\/2015\/06\/P1020349.jpg'><img loading=\"lazy\" decoding=\"async\" width=\"150\" height=\"150\" src=\"https:\/\/casatabierna.com\/wp-content\/uploads\/2015\/06\/P1020349-150x150.jpg\" class=\"attachment-thumbnail size-thumbnail\" alt=\"\" \/><\/a>\n\t\t\t<\/dt><\/dl>\n\t\t\t\n\t\t<\/div>\n<\/p>\n<\/div><\/div><\/div><\/div>\n","protected":false},"excerpt":{"rendered":"","protected":false},"author":1,"featured_media":0,"parent":854,"menu_order":0,"comment_status":"closed","ping_status":"closed","template":"template-layout-full-width.php","meta":{"_joinchat":[],"footnotes":""},"class_list":["post-856","page","type-page","status-publish","hentry","no-post-thumbnail"],"_links":{"self":[{"href":"https:\/\/casatabierna.com\/fr\/wp-json\/wp\/v2\/pages\/856","targetHints":{"allow":["GET"]}}],"collection":[{"href":"https:\/\/casatabierna.com\/fr\/wp-json\/wp\/v2\/pages"}],"about":[{"href":"https:\/\/casatabierna.com\/fr\/wp-json\/wp\/v2\/types\/page"}],"author":[{"embeddable":true,"href":"https:\/\/casatabierna.com\/fr\/wp-json\/wp\/v2\/users\/1"}],"replies":[{"embeddable":true,"href":"https:\/\/casatabierna.com\/fr\/wp-json\/wp\/v2\/comments?post=856"}],"version-history":[{"count":3,"href":"https:\/\/casatabierna.com\/fr\/wp-json\/wp\/v2\/pages\/856\/revisions"}],"predecessor-version":[{"id":915,"href":"https:\/\/casatabierna.com\/fr\/wp-json\/wp\/v2\/pages\/856\/revisions\/915"}],"up":[{"embeddable":true,"href":"https:\/\/casatabierna.com\/fr\/wp-json\/wp\/v2\/pages\/854"}],"wp:attachment":[{"href":"https:\/\/casatabierna.com\/fr\/wp-json\/wp\/v2\/media?parent=856"}],"curies":[{"name":"wp","href":"https:\/\/api.w.org\/{rel}","templated":true}]}}