{"id":854,"date":"2015-06-27T16:26:39","date_gmt":"2015-06-27T16:26:39","guid":{"rendered":"https:\/\/casatabierna.com\/fr\/?page_id=854"},"modified":"2015-06-27T16:46:26","modified_gmt":"2015-06-27T16:46:26","slug":"lenvironnement","status":"publish","type":"page","link":"https:\/\/casatabierna.com\/fr\/lenvironnement\/","title":{"rendered":"L&#039;environnement"},"content":{"rendered":"<div id=\"x-section-1\" class=\"x-section\" style=\"margin: 0px 0px 0px 0px; padding: 45px 0px 45px 0px;  background-color: transparent;\" ><div id=\"\" class=\"x-container max width\" style=\"margin: 0px auto 0px auto; padding: 0px 0px 0px 0px; \" ><div  class=\"x-column x-sm x-1-3\" style=\"padding: 0px 0px 0px 0px; \" ><div  class=\"x-card-outer flip-from-top center-vertically\" data-x-element=\"classic_card\"><div class=\"x-card-inner\"><div class=\"x-face-outer front\" style=\"border-width: 8px 8px 8px 8px; border-style: solid; border-color: #323232; color: #ffffff; background-color: #323232;\"><div class=\"x-face-inner\"><div class=\"x-face-content\" style=\"padding: 10% 10% 10% 10%;\"><div class=\"x-face-graphic\"><i style=\"margin: 0; font-size: 36px; color: #ffffff;\" class=\"x-icon-map-marker\" data-x-icon-s=\"&#xf041;\"><\/i><\/div><h4 class=\"x-face-title\">Le Village<\/h4><p class=\"x-face-text\">Los Molinos appartient \u00e0 la Sobrarbe situ\u00e9 dans les Pyr\u00e9n\u00e9es Huesca.<\/p><\/div><\/div><\/div><div class=\"x-face-outer back\" style=\"border-width: 8px 8px 8px 8px; border-style: solid; border-color: #323232; color: #ffffff; background-color: #323232;\"><div class=\"x-face-inner\"><div class=\"x-face-content\" style=\"padding: 10% 10% 10% 10%;\"><h4 class=\"x-face-title\">Les Moulins<\/h4><p class=\"x-face-text\">Il est calme et la tranquilit\u00e9<\/p><a class=\"x-face-button\" style=\"color: #323232; background-color: #ffffff;\" href=\"https:\/\/casatabierna.com\/fr\/lenvironnement\/le-village\/\">\u00c0 propos de nous!<\/a><\/div><\/div><\/div><\/div><\/div><\/div><div  class=\"x-column x-sm x-1-3\" style=\"padding: 0px 0px 0px 0px; \" ><div  class=\"x-card-outer flip-from-top center-vertically\" data-x-element=\"classic_card\"><div class=\"x-card-inner\"><div class=\"x-face-outer front\" style=\"border-width: 8px 8px 8px 8px; border-style: solid; border-color: #323232; color: #ffffff; background-color: #323232;\"><div class=\"x-face-inner\"><div class=\"x-face-content\" style=\"padding: 10% 10% 10% 10%;\"><div class=\"x-face-graphic\"><i style=\"margin: 0; font-size: 36px; color: #ffffff;\" class=\"x-icon-camera-retro\" data-x-icon-s=\"&#xf083;\"><\/i><\/div><h4 class=\"x-face-title\">Vues<\/h4><p class=\"x-face-text\">Visites recommand\u00e9es pour en savoir plus \u00e0 propos de cette r\u00e9gion des Pyr\u00e9n\u00e9es.<\/p><\/div><\/div><\/div><div class=\"x-face-outer back\" style=\"border-width: 8px 8px 8px 8px; border-style: solid; border-color: #323232; color: #ffffff; background-color: #323232;\"><div class=\"x-face-inner\"><div class=\"x-face-content\" style=\"padding: 10% 10% 10% 10%;\"><h4 class=\"x-face-title\">Vues<\/h4><p class=\"x-face-text\">Ascension Pe\u00f1a Monta\u00f1esa, Chapelle de la Espelunga ...<\/p><a class=\"x-face-button\" style=\"color: #323232; background-color: #ffffff;\" href=\"https:\/\/casatabierna.com\/fr\/actividades-category\/visites-conseillees\/\">Regardez!<\/a><\/div><\/div><\/div><\/div><\/div><\/div><div  class=\"x-column x-sm x-1-3\" style=\"padding: 0px 0px 0px 0px; \" ><div  class=\"x-card-outer flip-from-top center-vertically\" data-x-element=\"classic_card\"><div class=\"x-card-inner\"><div class=\"x-face-outer front\" style=\"border-width: 8px 8px 8px 8px; border-style: solid; border-color: #323232; color: #ffffff; background-color: #323232;\"><div class=\"x-face-inner\"><div class=\"x-face-content\" style=\"padding: 10% 10% 10% 10%;\"><div class=\"x-face-graphic\"><i style=\"margin: 0; font-size: 36px; color: #ffffff;\" class=\"x-icon-bicycle\" data-x-icon-s=\"&#xf206;\"><\/i><\/div><h4 class=\"x-face-title\">Activit\u00e9s<\/h4><p class=\"x-face-text\">Nous vous proposons diff\u00e9rentes activit\u00e9s pour profiter au maximum.<\/p><\/div><\/div><\/div><div class=\"x-face-outer back\" style=\"border-width: 8px 8px 8px 8px; border-style: solid; border-color: #323232; color: #ffffff; background-color: #323232;\"><div class=\"x-face-inner\"><div class=\"x-face-content\" style=\"padding: 10% 10% 10% 10%;\"><h4 class=\"x-face-title\">Activit\u00e9s<\/h4><p class=\"x-face-text\">Randonn\u00e9e, chasse et p\u00eache, ski, sports nautiques, escalade ...<\/p><a class=\"x-face-button\" style=\"color: #323232; background-color: #ffffff;\" href=\"https:\/\/casatabierna.com\/fr\/lenvironnement\/activites\/\">Explorez!<\/a><\/div><\/div><\/div><\/div><\/div><\/div><\/div><\/div>\n","protected":false},"excerpt":{"rendered":"","protected":false},"author":1,"featured_media":0,"parent":0,"menu_order":0,"comment_status":"closed","ping_status":"closed","template":"template-layout-full-width.php","meta":{"_joinchat":[],"footnotes":""},"class_list":["post-854","page","type-page","status-publish","hentry","no-post-thumbnail"],"_links":{"self":[{"href":"https:\/\/casatabierna.com\/fr\/wp-json\/wp\/v2\/pages\/854","targetHints":{"allow":["GET"]}}],"collection":[{"href":"https:\/\/casatabierna.com\/fr\/wp-json\/wp\/v2\/pages"}],"about":[{"href":"https:\/\/casatabierna.com\/fr\/wp-json\/wp\/v2\/types\/page"}],"author":[{"embeddable":true,"href":"https:\/\/casatabierna.com\/fr\/wp-json\/wp\/v2\/users\/1"}],"replies":[{"embeddable":true,"href":"https:\/\/casatabierna.com\/fr\/wp-json\/wp\/v2\/comments?post=854"}],"version-history":[{"count":7,"href":"https:\/\/casatabierna.com\/fr\/wp-json\/wp\/v2\/pages\/854\/revisions"}],"predecessor-version":[{"id":913,"href":"https:\/\/casatabierna.com\/fr\/wp-json\/wp\/v2\/pages\/854\/revisions\/913"}],"wp:attachment":[{"href":"https:\/\/casatabierna.com\/fr\/wp-json\/wp\/v2\/media?parent=854"}],"curies":[{"name":"wp","href":"https:\/\/api.w.org\/{rel}","templated":true}]}}