{"id":853,"date":"2015-06-27T16:31:06","date_gmt":"2015-06-27T16:31:06","guid":{"rendered":"https:\/\/casatabierna.com\/fr\/?page_id=853"},"modified":"2015-06-27T16:39:12","modified_gmt":"2015-06-27T16:39:12","slug":"avertissement-legal","status":"publish","type":"page","link":"https:\/\/casatabierna.com\/fr\/avertissement-legal\/","title":{"rendered":"Avertissement l\u00e9gal"},"content":{"rendered":"<div id=\"x-section-1\" class=\"x-section\" style=\"margin: 0px 0px 0px 0px; padding: 45px 0px 45px 0px;  background-color: transparent;\" ><div id=\"\" class=\"x-container\" style=\"margin: 0px auto 0px auto; padding: 0px 0px 0px 0px; \" ><div  class=\"x-column x-sm x-1-1\" style=\"padding: 0px 0px 0px 0px; \" ><div id=\"\" class=\"x-text\" style=\"\" ><p><strong>Propri\u00e9t\u00e9 du site<\/strong><\/p>\n<p>Le site est poss\u00e9d\u00e9e par DOMINIO.com COMPANY SL<\/p>\n<p><strong>Propri\u00e9t\u00e9 intellectuelle<\/strong><\/p>\n<p>Tous les contenus de ce site Web, textes, graphiques, images, design et droits de propri\u00e9t\u00e9 intellectuelle qui pourraient correspondre \u00e0 ces contenus sont propri\u00e9t\u00e9 de la soci\u00e9t\u00e9 SL ou de leurs propri\u00e9taires l\u00e9gitimes, et tous les droits sont r\u00e9serv\u00e9s.<\/p>\n<p>Conform\u00e9ment aux articles 8 et 32.1, deuxi\u00e8me paragraphe, de la Loi sur le droit d&rsquo;auteur est express\u00e9ment interdit la reproduction, la distribution et la communication publique, y compris les moyens de mettre \u00e0 la disposition de tout ou partie du contenu du ce site \u00e0 des fins commerciales, sous quelque forme ou par tout moyen technique, sans le consentement de la soci\u00e9t\u00e9 SL.<\/p>\n<p><strong>Acc\u00e8s au contenu<\/strong><\/p>\n<p>L&rsquo;acc\u00e8s au contenu du site DOMINIO.com et l&rsquo;utilisation faite de l&rsquo;information qu&rsquo;il contient sont de la seule responsabilit\u00e9 de l&rsquo;utilisateur. SOCIETE SL ne sera pas responsable de toute cons\u00e9quence ou dommage pouvant r\u00e9sulter de l&rsquo;utilisation de ce site ou de son contenu, y compris les dommages de l&rsquo;informatique et l&rsquo;introduction de virus, \u00e0 l&rsquo;exception de toute action r\u00e9sultant de l&rsquo;application des lois il est soumis \u00e0 l&rsquo;exercice strict de ses pouvoirs.<\/p>\n<p>Les informations diffus\u00e9es par ce moyen est seulement pour l&rsquo;information, \u00e0 la soci\u00e9t\u00e9 SL se r\u00e9serve le droit de supprimer ou suspendre la publication, en tout ou en partie, et de modifier la structure et le contenu du site sans pr\u00e9avis et peut m\u00eame limiter ou refuser l&rsquo;acc\u00e8s \u00e0 de telles informations. L&rsquo;objectif est de maintenir la qualit\u00e9 et mettre \u00e0 jour ces informations et d&rsquo;\u00e9viter et de minimiser les erreurs possibles caus\u00e9s par des d\u00e9fauts techniques. Cependant, SOCIETE SL ne garantit pas que ce service ne peut \u00eatre interrompu ou affect\u00e9 par de telles erreurs.<\/p>\n<p><strong>En utilisant le site Web<\/strong><\/p>\n<p>La responsabilit\u00e9 de l&rsquo;utilisation du site incombe \u00e0 l&rsquo;utilisateur. Si n\u00e9cessaire, rendre une sorte de fiche d&rsquo;acc\u00e9der \u00e0 certains contenus du site, l&rsquo;utilisateur est responsable de fournir des informations et des donn\u00e9es l\u00e9gitimes et v\u00e9ridiques. Dans ce processus, l&rsquo;utilisateur re\u00e7oit un mot de passe qui devra faire preuve de diligence et confidentiel.<\/p>\n<\/div><\/div><\/div><\/div>\n","protected":false},"excerpt":{"rendered":"","protected":false},"author":1,"featured_media":0,"parent":0,"menu_order":0,"comment_status":"closed","ping_status":"closed","template":"template-layout-full-width.php","meta":{"_joinchat":[],"footnotes":""},"class_list":["post-853","page","type-page","status-publish","hentry","no-post-thumbnail"],"_links":{"self":[{"href":"https:\/\/casatabierna.com\/fr\/wp-json\/wp\/v2\/pages\/853","targetHints":{"allow":["GET"]}}],"collection":[{"href":"https:\/\/casatabierna.com\/fr\/wp-json\/wp\/v2\/pages"}],"about":[{"href":"https:\/\/casatabierna.com\/fr\/wp-json\/wp\/v2\/types\/page"}],"author":[{"embeddable":true,"href":"https:\/\/casatabierna.com\/fr\/wp-json\/wp\/v2\/users\/1"}],"replies":[{"embeddable":true,"href":"https:\/\/casatabierna.com\/fr\/wp-json\/wp\/v2\/comments?post=853"}],"version-history":[{"count":5,"href":"https:\/\/casatabierna.com\/fr\/wp-json\/wp\/v2\/pages\/853\/revisions"}],"predecessor-version":[{"id":911,"href":"https:\/\/casatabierna.com\/fr\/wp-json\/wp\/v2\/pages\/853\/revisions\/911"}],"wp:attachment":[{"href":"https:\/\/casatabierna.com\/fr\/wp-json\/wp\/v2\/media?parent=853"}],"curies":[{"name":"wp","href":"https:\/\/api.w.org\/{rel}","templated":true}]}}