{"id":956,"date":"2015-06-27T17:37:13","date_gmt":"2015-06-27T17:37:13","guid":{"rendered":"https:\/\/casatabierna.com\/de\/?page_id=956"},"modified":"2015-06-27T23:07:27","modified_gmt":"2015-06-27T23:07:27","slug":"rechtliche-hinweise","status":"publish","type":"page","link":"https:\/\/casatabierna.com\/de\/rechtliche-hinweise\/","title":{"rendered":"Rechtliche Hinweise"},"content":{"rendered":"<div id=\"x-section-1\" class=\"x-section\" style=\"margin: 0px 0px 0px 0px; padding: 45px 0px 45px 0px;  background-color: transparent;\" ><div id=\"\" class=\"x-container max width\" style=\"margin: 0px auto 0px auto; padding: 0px 0px 0px 0px; \" ><div  class=\"x-column x-sm x-1-1\" style=\"padding: 0px 0px 0px 0px; \" ><div id=\"\" class=\"x-text\" style=\"\" ><p><strong>Eigent\u00fcmer der Website<\/strong><\/p>\n<p>Die Website wird von DOMINIO.com COMPANY SL Besitz<\/p>\n<p><strong>Geistigen Eigentums<\/strong><\/p>\n<p>Alle Inhalte dieser Website, Texte, Grafiken, Bilder, Design und geistigen Eigentumsrechte, die zu diesen Inhalten entsprechen k\u00f6nnte durch COMPANY SL oder ihre rechtm\u00e4\u00dfigen Eigent\u00fcmern, und alle Rechte sind vorbehalten.<\/p>\n<p>Nach den Artikeln 8 und 32.1 Absatz zweite, des Urheberrechtsgesetzes ist ausdr\u00fccklich verboten Vervielf\u00e4ltigung, Verbreitung und \u00f6ffentliche Kommunikation, einschlie\u00dflich irgendwelchen Mitteln der \u00f6ffentlichen Zug\u00e4nglichmachung aller oder eines Teils des Inhalts Diese Webseite zu gewerblichen Zwecken, in irgendeiner Form oder mit irgendwelchen technischen Mitteln, ohne die Zustimmung der Firma SL.<\/p>\n<p><strong>Zugang zu Inhalten<\/strong><\/p>\n<p>Zugriff auf die Inhalte DOMINIO.com und die Nutzung der darin enthaltenen Informationen sind in der alleinigen Verantwortung des Benutzers. COMPANY SL haftet nicht f\u00fcr Folgen oder Sch\u00e4den, die aus der Benutzung dieser Website oder ihrer Inhalte, einschlie\u00dflich Computersch\u00e4den und die Einf\u00fchrung von Viren entstehen k\u00f6nnen verantwortlich sein, mit Ausnahme der, die aus der Anwendung der Rechtsvorschriften ergibt es unterliegt strengen Aus\u00fcbung ihrer Befugnisse.<\/p>\n<p>Die \u00fcber dieses Medium verbreiteten Informationen dient nur zur Information, zur COMPANY SL beh\u00e4lt sich das Recht vor, zu entfernen oder auszusetzen Publikation, ganz oder in Teilen, und um die Struktur und Inhalt der Website ohne vorherige Ank\u00fcndigung \u00e4ndern und kann sogar zu begrenzen oder den Zugriff auf diese Informationen. Das Ziel ist, die Qualit\u00e4t pflegen und aktualisieren diese Informationen und zu vermeiden und m\u00f6gliche Fehler durch technische Fehler zu minimieren.Allerdings bedeutet COMPANY SL nicht garantieren, dass dieser Dienst nicht unterbrochen oder durch Fehler beeintr\u00e4chtigt werden.<\/p>\n<p><strong>\u00dcber die Website<\/strong><\/p>\n<p>Die Verantwortung f\u00fcr die Nutzung der Website liegt beim Nutzer. Falls erforderlich machen eine Art von Rekord bestimmte Inhalte der Website zugreifen, wird der Benutzer zur Bereitstellung von legitimen und wahrheitsgem\u00e4\u00dfe Informationen und Daten verantwortlich. Bei diesem Verfahren wird der Benutzer ein Passwort, das haben sorgf\u00e4ltig und vertraulich zu machen, wird gegeben.<\/p>\n<\/div><\/div><\/div><\/div>\n","protected":false},"excerpt":{"rendered":"","protected":false},"author":1,"featured_media":0,"parent":0,"menu_order":0,"comment_status":"closed","ping_status":"closed","template":"template-layout-full-width.php","meta":{"_joinchat":[],"footnotes":""},"class_list":["post-956","page","type-page","status-publish","hentry","no-post-thumbnail"],"_links":{"self":[{"href":"https:\/\/casatabierna.com\/de\/wp-json\/wp\/v2\/pages\/956","targetHints":{"allow":["GET"]}}],"collection":[{"href":"https:\/\/casatabierna.com\/de\/wp-json\/wp\/v2\/pages"}],"about":[{"href":"https:\/\/casatabierna.com\/de\/wp-json\/wp\/v2\/types\/page"}],"author":[{"embeddable":true,"href":"https:\/\/casatabierna.com\/de\/wp-json\/wp\/v2\/users\/1"}],"replies":[{"embeddable":true,"href":"https:\/\/casatabierna.com\/de\/wp-json\/wp\/v2\/comments?post=956"}],"version-history":[{"count":3,"href":"https:\/\/casatabierna.com\/de\/wp-json\/wp\/v2\/pages\/956\/revisions"}],"predecessor-version":[{"id":1011,"href":"https:\/\/casatabierna.com\/de\/wp-json\/wp\/v2\/pages\/956\/revisions\/1011"}],"wp:attachment":[{"href":"https:\/\/casatabierna.com\/de\/wp-json\/wp\/v2\/media?parent=956"}],"curies":[{"name":"wp","href":"https:\/\/api.w.org\/{rel}","templated":true}]}}