{"id":953,"date":"2015-06-27T17:36:20","date_gmt":"2015-06-27T17:36:20","guid":{"rendered":"https:\/\/casatabierna.com\/de\/?page_id=953"},"modified":"2015-06-27T23:35:25","modified_gmt":"2015-06-27T23:35:25","slug":"die-umgebung","status":"publish","type":"page","link":"https:\/\/casatabierna.com\/de\/die-umgebung\/","title":{"rendered":"Die Umgebung"},"content":{"rendered":"<div id=\"x-section-1\" class=\"x-section\" style=\"margin: 0px 0px 0px 0px; padding: 45px 0px 45px 0px;  background-color: transparent;\" ><div id=\"\" class=\"x-container max width\" style=\"margin: 0px auto 0px auto; padding: 0px 0px 0px 0px; \" ><div  class=\"x-column x-sm x-1-3\" style=\"padding: 0px 0px 0px 0px; \" ><div  class=\"x-card-outer flip-from-top center-vertically\" data-x-element=\"classic_card\"><div class=\"x-card-inner\"><div class=\"x-face-outer front\" style=\"border-width: 8px 8px 8px 8px; border-style: solid; border-color: #323232; color: #ffffff; background-color: #323232;\"><div class=\"x-face-inner\"><div class=\"x-face-content\" style=\"padding: 10% 10% 10% 10%;\"><div class=\"x-face-graphic\"><i style=\"margin: 0; font-size: 36px; color: #ffffff;\" class=\"x-icon-map-marker\" data-x-icon-s=\"&#xf041;\"><\/i><\/div><h4 class=\"x-face-title\">Das Dorf<\/h4><p class=\"x-face-text\">Los Molinos geh\u00f6rt zur Sobrarbe Huesca in den Pyren\u00e4en.<\/p><\/div><\/div><\/div><div class=\"x-face-outer back\" style=\"border-width: 8px 8px 8px 8px; border-style: solid; border-color: #323232; color: #ffffff; background-color: #323232;\"><div class=\"x-face-inner\"><div class=\"x-face-content\" style=\"padding: 10% 10% 10% 10%;\"><h4 class=\"x-face-title\">Die Mills<\/h4><p class=\"x-face-text\">Es gibt Ruhe und Beschaulichkeit<\/p><a class=\"x-face-button\" style=\"color: #323232; background-color: #ffffff;\" href=\"https:\/\/casatabierna.com\/de\/die-umgebung\/das-dorf\/\">\u00dcber uns!<\/a><\/div><\/div><\/div><\/div><\/div><\/div><div  class=\"x-column x-sm x-1-3\" style=\"padding: 0px 0px 0px 0px; \" ><div  class=\"x-card-outer flip-from-top center-vertically\" data-x-element=\"classic_card\"><div class=\"x-card-inner\"><div class=\"x-face-outer front\" style=\"border-width: 8px 8px 8px 8px; border-style: solid; border-color: #323232; color: #ffffff; background-color: #323232;\"><div class=\"x-face-inner\"><div class=\"x-face-content\" style=\"padding: 10% 10% 10% 10%;\"><div class=\"x-face-graphic\"><i style=\"margin: 0; font-size: 36px; color: #ffffff;\" class=\"x-icon-camera-retro\" data-x-icon-s=\"&#xf083;\"><\/i><\/div><h4 class=\"x-face-title\">Ansichten<\/h4><p class=\"x-face-text\">Besuche empfohlen, mehr \u00fcber diese Gegend der Pyren\u00e4en zu lernen.<\/p><\/div><\/div><\/div><div class=\"x-face-outer back\" style=\"border-width: 8px 8px 8px 8px; border-style: solid; border-color: #323232; color: #ffffff; background-color: #323232;\"><div class=\"x-face-inner\"><div class=\"x-face-content\" style=\"padding: 10% 10% 10% 10%;\"><h4 class=\"x-face-title\">Ansichten<\/h4><p class=\"x-face-text\">Ascension Pe\u00f1a Monta\u00f1esa, Kapelle der Espelunga ...<\/p><a class=\"x-face-button\" style=\"color: #323232; background-color: #ffffff;\" href=\"https:\/\/casatabierna.com\/de\/actividades-category\/empfohlene-besuche\/\">Schauen Sie!<\/a><\/div><\/div><\/div><\/div><\/div><\/div><div  class=\"x-column x-sm x-1-3\" style=\"padding: 0px 0px 0px 0px; \" ><div  class=\"x-card-outer flip-from-top center-vertically\" data-x-element=\"classic_card\"><div class=\"x-card-inner\"><div class=\"x-face-outer front\" style=\"border-width: 8px 8px 8px 8px; border-style: solid; border-color: #323232; color: #ffffff; background-color: #323232;\"><div class=\"x-face-inner\"><div class=\"x-face-content\" style=\"padding: 10% 10% 10% 10%;\"><div class=\"x-face-graphic\"><i style=\"margin: 0; font-size: 36px; color: #ffffff;\" class=\"x-icon-bicycle\" data-x-icon-s=\"&#xf206;\"><\/i><\/div><h4 class=\"x-face-title\">Aktivit\u00e4ten<\/h4><p class=\"x-face-text\">Wir schlagen vor, verschiedene Aktivit\u00e4ten, um in vollen Z\u00fcgen genie\u00dfen.<\/p><\/div><\/div><\/div><div class=\"x-face-outer back\" style=\"border-width: 8px 8px 8px 8px; border-style: solid; border-color: #323232; color: #ffffff; background-color: #323232;\"><div class=\"x-face-inner\"><div class=\"x-face-content\" style=\"padding: 10% 10% 10% 10%;\"><h4 class=\"x-face-title\">Aktivit\u00e4ten<\/h4><p class=\"x-face-text\">Wandern, Jagen und Angeln, Skifahren, Wassersport, Klettern ...<\/p><a class=\"x-face-button\" style=\"color: #323232; background-color: #ffffff;\" href=\"https:\/\/casatabierna.com\/de\/die-umgebung\/aktivitaeten\/\">Entdecken Sie!<\/a><\/div><\/div><\/div><\/div><\/div><\/div><\/div><\/div>\n","protected":false},"excerpt":{"rendered":"","protected":false},"author":1,"featured_media":0,"parent":0,"menu_order":0,"comment_status":"closed","ping_status":"closed","template":"template-layout-full-width.php","meta":{"_joinchat":[],"footnotes":""},"class_list":["post-953","page","type-page","status-publish","hentry","no-post-thumbnail"],"_links":{"self":[{"href":"https:\/\/casatabierna.com\/de\/wp-json\/wp\/v2\/pages\/953","targetHints":{"allow":["GET"]}}],"collection":[{"href":"https:\/\/casatabierna.com\/de\/wp-json\/wp\/v2\/pages"}],"about":[{"href":"https:\/\/casatabierna.com\/de\/wp-json\/wp\/v2\/types\/page"}],"author":[{"embeddable":true,"href":"https:\/\/casatabierna.com\/de\/wp-json\/wp\/v2\/users\/1"}],"replies":[{"embeddable":true,"href":"https:\/\/casatabierna.com\/de\/wp-json\/wp\/v2\/comments?post=953"}],"version-history":[{"count":6,"href":"https:\/\/casatabierna.com\/de\/wp-json\/wp\/v2\/pages\/953\/revisions"}],"predecessor-version":[{"id":1026,"href":"https:\/\/casatabierna.com\/de\/wp-json\/wp\/v2\/pages\/953\/revisions\/1026"}],"wp:attachment":[{"href":"https:\/\/casatabierna.com\/de\/wp-json\/wp\/v2\/media?parent=953"}],"curies":[{"name":"wp","href":"https:\/\/api.w.org\/{rel}","templated":true}]}}