{"id":951,"date":"2015-06-27T17:35:23","date_gmt":"2015-06-27T17:35:23","guid":{"rendered":"https:\/\/casatabierna.com\/de\/?page_id=951"},"modified":"2015-06-27T23:11:41","modified_gmt":"2015-06-27T23:11:41","slug":"das-dorf","status":"publish","type":"page","link":"https:\/\/casatabierna.com\/de\/die-umgebung\/das-dorf\/","title":{"rendered":"Das Dorf"},"content":{"rendered":"<div id=\"x-section-1\" class=\"x-section center-text\" style=\"margin: 0px 0px 0px 0px; padding: 45px 0px 45px 0px; border-style: solid; border-width: 0px 0px 1px 0px; border-color: #e5e5e5;  background-color: #ffffff;\" ><div id=\"\" class=\"x-container max width\" style=\"margin: 0px auto 0px auto; padding: 0px 7% 0px 7%; \" ><div  class=\"x-column x-sm x-1-1\" style=\"padding: 0px 0px 0px 0px; \" ><h2  class=\"h-custom-headline man h2\" ><span>DIE M\u00dcHLEN<\/span><\/h2><h3  class=\"h-custom-headline man h3\" ><span>(GEMEINDE VON EL PUEYO DE ARAGUAS)<\/span><\/h3><hr  class=\"x-hr\" ><div id=\"\" class=\"x-text\" style=\"\" ><p>Tourismus auf dem Land Haus in der Stadt von Los Molinos geh\u00f6rt zur Sobrarbe Huesca in den Pyren\u00e4en.<\/p>\n<p>Eine privilegierte Lage am Fu\u00dfe des Pe\u00f1a Monta\u00f1esa und dem K\u00f6niglichen Kloster Sankt vitorian Das Hotel liegt etwa 750 Meter \u00fcber dem Meeresspiegel, hat es erkl\u00e4rte von kulturellem Interesse.<\/p>\n<p>Los Molinos ist ruhig und still. Es ist der ideale Flucht aus dem Alltag. Die st\u00e4ndige Bev\u00f6lkerung versagt zu 10 Personen zu erreichen.<\/p>\n<\/div><\/div><\/div><\/div><div id=\"x-section-2\" class=\"x-section\" style=\"margin: 0px 0px 0px 0px; padding: 45px 0px 45px 0px;  background-color: transparent;\" ><div id=\"\" class=\"x-container max width\" style=\"margin: 0px auto 25px auto; padding: 0px 0px 0px 0px; \" ><div  class=\"x-column x-sm x-2-3\" style=\"padding: 0px 0px 0px 0px; \" ><div id=\"\" class=\"x-text\" style=\"\" ><p><iframe loading=\"lazy\" src=\"https:\/\/www.google.com\/maps\/embed?pb=!1m18!1m12!1m3!1d11293.579629014883!2d0.15550895329543024!3d42.440903626441255!2m3!1f0!2f0!3f0!3m2!1i1024!2i768!4f13.1!3m3!1m2!1s0x12a7e4dae76858ff%3A0x21e4fbdd27f12ee3!2s22338+El+Pueyo+de+Aragu%C3%A1s%2C+Huesca!5e1!3m2!1ses!2ses!4v1430231699816\" width=\"100\" height=\"300\" frameborder=\"0\" style=\"border:0\"><\/iframe><\/p>\n<\/div><hr  class=\"x-gap x-hide-xl x-hide-lg x-hide-md \" style=\"margin: 20px 0 0 0;\"><\/div><div  class=\"x-column x-sm x-1-3\" style=\"padding: 0px 0px 0px 0px; \" ><ul id=\"\" class=\"x-ul-icons mvn\" style=\"\" ><li id=\"\" class=\"x-li-icon\" style=\"\" ><i class=\"x-icon-check\" aria-hidden=\"true\" style=\"\" data-x-icon-s=\"&#xf00c;\" ><\/i><strong>Bev\u00f6lkerung:<\/strong> 21 Einwohner in der Volksz\u00e4hlung von 2001.<\/li><li id=\"\" class=\"x-li-icon\" style=\"\" ><i class=\"x-icon-check\" aria-hidden=\"true\" style=\"\" data-x-icon-s=\"&#xf00c;\" ><\/i><strong>H\u00f6he:<\/strong> 750 m. \u00dcber dem Meeresspiegel.<\/li><li id=\"\" class=\"x-li-icon\" style=\"\" ><i class=\"x-icon-check\" aria-hidden=\"true\" style=\"\" data-x-icon-s=\"&#xf00c;\" ><\/i><strong>Huesca Entfernung:<\/strong> 120 km<\/li><li id=\"\" class=\"x-li-icon\" style=\"\" ><i class=\"x-icon-check\" aria-hidden=\"true\" style=\"\" data-x-icon-s=\"&#xf00c;\" ><\/i><strong>Lokale Feiertage:<\/strong> das Fest f\u00fcr die Jungfrau und die kleine f\u00fcr die Bekehrung des Paulus.<\/li><\/ul><hr  class=\"x-gap\" style=\"margin: 50px 0 0 0;\"><div  class=\"x-accordion\" ><div  class=\"x-accordion-group\" ><div class=\"x-accordion-heading\"><a id=\"tab-69e18da4a8091\" class=\"x-accordion-toggle collapsed\" role=\"tab\" data-x-toggle=\"collapse-b\" data-x-toggleable=\"69e18da4a8091\" aria-selected=\"false\" aria-expanded=\"false\" aria-controls=\"panel-69e18da4a8091\"><i class='x-framework-icon x-shortcode-accordion-icon' data-x-icon-s='&#x2b;' aria-hidden=true><\/i><span>Mit dem Auto<\/span><\/a><\/div><div id=\"panel-69e18da4a8091\" class=\"x-accordion-body x-collapsed\" role=\"tabpanel\" data-x-toggle-collapse=\"1\" data-x-toggleable=\"69e18da4a8091\" aria-hidden=\"true\" aria-labelledby=\"tab-69e18da4a8091\"><div class=\"x-accordion-inner\">Lorem ipsum dolor sit amet, has ut debet utroque, cu inani possit vim. Suas veritus ex nec, sit te nostrum molestie. Purto praesent sapientem his no, per te putent causae gubergren. Ut labore veritus minimum mei.<\/div><\/div><\/div><\/div><\/div><\/div><\/div><div id=\"x-section-3\" class=\"x-section center-text\" style=\"margin: 0px 0px 0px 0px; padding: 45px 0px 45px 0px;  background-color: #fafafa;\" ><div id=\"\" class=\"x-container max width\" style=\"margin: 0px auto 45px auto; padding: 0px 0px 0px 0px; \" ><div  class=\"x-column x-sm x-1-1\" style=\"padding: 0px 0px 0px 0px; \" ><h2  class=\"h-custom-headline man h2\" ><span>VILLAGE GALLERY<\/span><\/h2><hr  class=\"x-hr\" ><div id=\"\" class=\"x-text\" style=\"\" ><p class=\"man\">Hier sind einige allgemeine Aufnahmen von Los Molinos.<\/p>\n<\/div><div id=\"\" class=\"x-text\" style=\"\" ><p><span id=\"x-lightbox-1\" data-x-element-lightbox=\"{&quot;selector&quot;:&quot;.gallery-icon a&quot;,&quot;deeplink&quot;:false,&quot;opacity&quot;:&quot;0.875&quot;,&quot;prevScale&quot;:&quot;0.75&quot;,&quot;prevOpacity&quot;:&quot;0.75&quot;,&quot;nextScale&quot;:&quot;0.75&quot;,&quot;nextOpacity&quot;:&quot;0.75&quot;,&quot;orientation&quot;:&quot;horizontal&quot;,&quot;thumbnails&quot;:false}\"><\/span><br \/>\n<div id='gallery-1' class='gallery galleryid-951 gallery-columns-4 gallery-size-thumbnail'><dl class='gallery-item'>\n\t\t\t<dt class='gallery-icon landscape'>\n\t\t\t\t<a href='https:\/\/casatabierna.com\/wp-content\/uploads\/2015\/06\/P1020349.jpg'><img loading=\"lazy\" decoding=\"async\" width=\"150\" height=\"150\" src=\"https:\/\/casatabierna.com\/wp-content\/uploads\/2015\/06\/P1020349-150x150.jpg\" class=\"attachment-thumbnail size-thumbnail\" alt=\"\" \/><\/a>\n\t\t\t<\/dt><\/dl>\n\t\t\t\n\t\t<\/div>\n<\/p>\n<\/div><\/div><\/div><\/div>\n","protected":false},"excerpt":{"rendered":"","protected":false},"author":1,"featured_media":0,"parent":953,"menu_order":0,"comment_status":"closed","ping_status":"closed","template":"template-layout-full-width.php","meta":{"_joinchat":[],"footnotes":""},"class_list":["post-951","page","type-page","status-publish","hentry","no-post-thumbnail"],"_links":{"self":[{"href":"https:\/\/casatabierna.com\/de\/wp-json\/wp\/v2\/pages\/951","targetHints":{"allow":["GET"]}}],"collection":[{"href":"https:\/\/casatabierna.com\/de\/wp-json\/wp\/v2\/pages"}],"about":[{"href":"https:\/\/casatabierna.com\/de\/wp-json\/wp\/v2\/types\/page"}],"author":[{"embeddable":true,"href":"https:\/\/casatabierna.com\/de\/wp-json\/wp\/v2\/users\/1"}],"replies":[{"embeddable":true,"href":"https:\/\/casatabierna.com\/de\/wp-json\/wp\/v2\/comments?post=951"}],"version-history":[{"count":3,"href":"https:\/\/casatabierna.com\/de\/wp-json\/wp\/v2\/pages\/951\/revisions"}],"predecessor-version":[{"id":1013,"href":"https:\/\/casatabierna.com\/de\/wp-json\/wp\/v2\/pages\/951\/revisions\/1013"}],"up":[{"embeddable":true,"href":"https:\/\/casatabierna.com\/de\/wp-json\/wp\/v2\/pages\/953"}],"wp:attachment":[{"href":"https:\/\/casatabierna.com\/de\/wp-json\/wp\/v2\/media?parent=951"}],"curies":[{"name":"wp","href":"https:\/\/api.w.org\/{rel}","templated":true}]}}