{"id":950,"date":"2015-06-27T17:35:07","date_gmt":"2015-06-27T17:35:07","guid":{"rendered":"https:\/\/casatabierna.com\/de\/?page_id=950"},"modified":"2015-06-27T23:13:51","modified_gmt":"2015-06-27T23:13:51","slug":"cookies-politik","status":"publish","type":"page","link":"https:\/\/casatabierna.com\/de\/cookies-politik\/","title":{"rendered":"Cookies Politik"},"content":{"rendered":"<div id=\"x-section-1\" class=\"x-section\" style=\"margin: 0px 0px 0px 0px; padding: 45px 0px 45px 0px;  background-color: transparent;\" ><div id=\"\" class=\"x-container max width\" style=\"margin: 0px auto 0px auto; padding: 0px 0px 0px 0px; \" ><div  class=\"x-column x-sm x-1-1\" style=\"padding: 0px 0px 0px 0px; \" ><div id=\"\" class=\"x-text\" style=\"\" ><p>Ein <em>Cookie<\/em> ist eine kleine Textdatei, die auf Ihrem Browser gespeichert wird, wenn Sie fast jede Website zu besuchen. Sein Nutzen ist, dass die Bahn in der Lage, Ihren Besuch erinnern n\u00e4chste Mal, wenn die Seite zu durchsuchen. Die <em>Cookies<\/em> der Regel speichern technischen Informationen, pers\u00f6nliche Vorlieben, Personalisierung von Inhalten, Nutzungsstatistiken, Links zu sozialen Netzwerken, Zugriff auf Benutzerkonten usw. Der Zweck der <em>Cookies<\/em> ist es, den Inhalt der Webseite zu Ihrem Profil passen und muss ohne <em>Cookies<\/em> die Leistungen von einer beliebigen Seite angebotenen erheblich vermindert werden. Um mehr Informationen \u00fcber was sind die sehen <em>Cookies<\/em> , die gespeichert werden, wie zu entfernen, deaktivieren usw.,<a href=\"https:\/\/casatabierna.com\/mas-informacion-sobre-las-cookies\/\">entnehmen Sie bitte diesem Link gerichtet werden.<\/a><\/p>\n<h2>COOKIES AUF DIESER WEBSITE VERWENDET WERDEN,<\/h2>\n<p>Nach den Leitlinien der spanischen Agentur f\u00fcr Datenschutz wir detailliert die Verwendung von <em>Cookies<\/em> tut Ihr, um Ihnen die gr\u00f6\u00dftm\u00f6gliche Genauigkeit zu informieren.<\/p>\n<p>Diese Website benutzt die folgenden <strong>eigenen Cookies<\/strong> :<\/p>\n<ul>\n<li>Session-Cookies, um sicherzustellen, dass Benutzer, die Kommentare auf dem Blog schreiben, sind Menschen und nicht automatisierte Anwendungen. Auf diese Weise Sie k\u00e4mpfen <em>Spam<\/em> .<\/li>\n<\/ul>\n<p>Diese Website benutzt die folgenden <strong>Drittanbieter-Cookies<\/strong> :<\/p>\n<ul>\n<li>Google Analytics speichert <em>Cookies<\/em> , um Statistiken \u00fcber das Verkehrsaufkommen und die Besucher dieser Website zu kompilieren. Durch die Nutzung dieser Website erkl\u00e4ren Sie sich mit der Bearbeitung der \u00fcber Sie erhobenen Daten durch Google. Daher muss die Aus\u00fcbung von Rechten in dieser Hinsicht so durch direkte Kommunikation mit Google zu tun.<\/li>\n<li>Soziale Netzwerke: Jedes soziale Netzwerk verwendet eigene <em>Cookies<\/em> f\u00fcr Sie, klicken Sie auf Tasten geben <em>wie<\/em> oder <em>Teilen<\/em> .<\/li>\n<\/ul>\n<h2>DEAKTIVIEREN ODER ENTFERNEN VON COOKIES<\/h2>\n<p>Zu jeder Zeit k\u00f6nnen Sie Ihr Recht auf Cookies von dieser Website zu deaktivieren oder zu l\u00f6schen auszu\u00fcben. Diese Ma\u00dfnahmen werden je nach der von Ihnen verwendeten Browser durchgef\u00fchrt. <a href=\"https:\/\/casatabierna.com\/mas-informacion-sobre-las-cookies\/#navegadores\">Hier verlassen wir eine kurze Anleitung zu den beliebtesten Browser<\/a> .<\/p>\n<h2>ZUS\u00c4TZLICHE HINWEISE<\/h2>\n<ul>\n<li>Weder diese Website noch deren gesetzlichen Vertreter sind f\u00fcr den Inhalt oder die Richtigkeit der Datenschutzrichtlinien von Dritten, die in dieser Richtlinie erw\u00e4hnt werden k\u00f6nnen, verantwortlich <em>Cookies<\/em> .<\/li>\n<li>Web-Browser sind die Werkzeuge f\u00fcr die Speicherung verantwortlich <em>Cookies<\/em> und von dieser Stelle sollte das Recht auf Entfernung oder Sperrung sie tragen. Weder diese Website noch deren gesetzlichen Vertreter k\u00f6nnen die richtige oder falsche Handhabung zu gew\u00e4hrleisten <em>Cookies<\/em> von den genannten Browsern.<\/li>\n<li>In einigen F\u00e4llen ist es notwendig, installieren Sie <em>Cookies<\/em> , so dass der Browser erinnern seine Entscheidung, sie zu akzeptieren.<\/li>\n<li>Im Falle der <em>Cookies<\/em> von Google Analytics, speichert das Unternehmen <em>Cookies<\/em> auf Servern in den Vereinigten Staaten und stimmen zu, es mit anderen zu teilen, sofern erforderlich, den Systembetrieb oder, wenn dies gesetzlich erforderlich ist, um diesen Zweck. Google nicht wie Ihre IP-Adresse zu halten. Google Inc. ist ein Unternehmen spezialisiert auf die Safe-Harbor-Abkommen beigef\u00fcgten sichergestellt, dass alle \u00fcbertragenen Daten werden mit einem Schutzniveau nach europ\u00e4ischen Standards behandelt werden. Sie k\u00f6nnen detaillierte Informationen zu diesem Thema finden <a href=\"http:\/\/safeharbor.export.gov\/companyinfo.aspx?id=16626\" target=\"_blank\">Sie unter diesem Link<\/a> . Informationen zur Verwendung von Google gibt, Cookies <a href=\"https:\/\/developers.google.com\/analytics\/devguides\/collection\/analyticsjs\/cookie-usage?hl=es&amp;csw=1\" target=\"_blank\">, die wir einen anderen Link zu befestigen<\/a> .<\/li>\n<li>F\u00fcr Fragen zu dieser Richtlinie <em>Cookies<\/em> z\u00f6gern Sie nicht, uns \u00fcber die Rubrik Kontakt zu treten.<\/li>\n<\/ul>\n<\/div><\/div><\/div><\/div>\n","protected":false},"excerpt":{"rendered":"","protected":false},"author":1,"featured_media":0,"parent":0,"menu_order":0,"comment_status":"closed","ping_status":"closed","template":"template-layout-full-width.php","meta":{"_joinchat":[],"footnotes":""},"class_list":["post-950","page","type-page","status-publish","hentry","no-post-thumbnail"],"_links":{"self":[{"href":"https:\/\/casatabierna.com\/de\/wp-json\/wp\/v2\/pages\/950","targetHints":{"allow":["GET"]}}],"collection":[{"href":"https:\/\/casatabierna.com\/de\/wp-json\/wp\/v2\/pages"}],"about":[{"href":"https:\/\/casatabierna.com\/de\/wp-json\/wp\/v2\/types\/page"}],"author":[{"embeddable":true,"href":"https:\/\/casatabierna.com\/de\/wp-json\/wp\/v2\/users\/1"}],"replies":[{"embeddable":true,"href":"https:\/\/casatabierna.com\/de\/wp-json\/wp\/v2\/comments?post=950"}],"version-history":[{"count":3,"href":"https:\/\/casatabierna.com\/de\/wp-json\/wp\/v2\/pages\/950\/revisions"}],"predecessor-version":[{"id":1014,"href":"https:\/\/casatabierna.com\/de\/wp-json\/wp\/v2\/pages\/950\/revisions\/1014"}],"wp:attachment":[{"href":"https:\/\/casatabierna.com\/de\/wp-json\/wp\/v2\/media?parent=950"}],"curies":[{"name":"wp","href":"https:\/\/api.w.org\/{rel}","templated":true}]}}