{"id":949,"date":"2015-06-27T17:34:50","date_gmt":"2015-06-27T17:34:50","guid":{"rendered":"https:\/\/casatabierna.com\/de\/?page_id=949"},"modified":"2015-06-27T23:14:28","modified_gmt":"2015-06-27T23:14:28","slug":"weitere-informationen-zu-cookies","status":"publish","type":"page","link":"https:\/\/casatabierna.com\/de\/weitere-informationen-zu-cookies\/","title":{"rendered":"Weitere Informationen zu Cookies"},"content":{"rendered":"<div id=\"x-section-1\" class=\"x-section\" style=\"margin: 0px 0px 0px 0px; padding: 45px 0px 45px 0px;  background-color: transparent;\" ><div id=\"\" class=\"x-container max width\" style=\"margin: 0px auto 0px auto; padding: 0px 0px 0px 0px; \" ><div  class=\"x-column x-sm x-1-1\" style=\"padding: 0px 0px 0px 0px; \" ><div id=\"\" class=\"x-text\" style=\"\" ><h2>WAS IST EIN COOKIE?<\/h2>\n<p>Ein <em>Cookie<\/em> ist eine Textdatei <b>harmlos<\/b> auf Ihrem Browser gespeichert, wenn Sie fast jede Website zu besuchen. Die N\u00fctzlichkeit der <em>Cookie<\/em> ist, dass die Bahn in der Lage, Ihren Besuch erinnern n\u00e4chste Mal die Seite zu durchsuchen. Obwohl viele Menschen wissen nicht, die <em>Cookies<\/em> werden schon seit 20 Jahren, als der erste Browser f\u00fcr das World Wide Web.<\/p>\n<h2>WAS IST NICHT EIN COOKIE?<\/h2>\n<p>Es ist nicht ein Virus oder ein Trojan, kein Wurm oder Spam oder Spyware oder offene Pop-up-Fenster.<\/p>\n<h2>WELCHE INFORMATIONEN SPEICHERT EIN <em>COOKIE<\/em> ?<\/h2>\n<p>Die <em>Cookies<\/em> nicht oft zu speichern sensible Informationen \u00fcber Sie, wie Kreditkarte oder Bankkonto-Informationen, Fotografien, Ihren Personalausweis oder pers\u00f6nliche Informationen usw. Die gespeicherten Daten sind technische, pers\u00f6nliche Vorlieben, Personalisierung von Inhalten usw.<\/p>\n<p>Der Web-Server hat Sie als Person, wenn Ihr Web-Browser nicht zu assoziieren. In der Tat, wenn Sie in der Regel mit Internet Explorer durchsuchen und versuchen, das gleiche Web mit Firefox oder Chrome durchsuchen Sie sehen, dass die Bahn nicht erkennen, dass Sie dieselbe Person sind, weil Sie tats\u00e4chlich Zuordnen der Browser, nicht die Person.<\/p>\n<h2>WELCHE ART VON <em>COOKIES<\/em> GIBT ES?<\/h2>\n<ul>\n<li><em>Cookies<\/em> Techniken: Dies sind die grundlegendsten und erm\u00f6glichen unter anderem, zu wissen, wenn Sie im Internet surfen einem Menschen oder einem automatisierten Anwendung, wenn ein anonymer Benutzer navigiert und f\u00fcr den Betrieb von dynamischen Web eine eingetragene grundlegenden Aufgaben.<\/li>\n<li><em>Cookies<\/em> Analyse: sammeln Informationen \u00fcber die Art der Navigation durchf\u00fchrt, am meisten verwendeten Teile, Typenbezeichnungen, Zeitraum der Nutzung, Sprache usw.<\/li>\n<li><em>Cookies<\/em> Werbung: Display-Werbung auf der Grundlage ihrer Navigation, ihr Herkunftsland, Sprache usw.<\/li>\n<\/ul>\n<h2>WAS SIND <em>COOKIES<\/em> EIGENE UND DIE DER ANDEREN?<\/h2>\n<p>Die <em>Cookies selbst<\/em> werden durch die Seite, die Sie gerade besuchen und erzeugt <em>dritte<\/em> werden von internen oder externen Anbietern wie Facebook, Twitter, Google usw. erzeugt<\/p>\n<h2>WAS, WENN ICH SCHALTEN SIE DIE <em>COOKIES<\/em> ?<\/h2>\n<p>, Den Umfang, die disable haben kann verstehen <em>Cookies<\/em> zeigen wir einige Beispiele:<\/p>\n<ul>\n<li>Sie k\u00f6nnen keine Inhalte von dieser Seite auf Facebook, Twitter oder anderen sozialen Netzwerken.<\/li>\n<li>Die Website wird nicht anpassen Inhalte an ihre pers\u00f6nlichen Pr\u00e4ferenzen, wie oft in den Online-Shops passiert.<\/li>\n<li>Sie k\u00f6nnen die Personalbereich der Bahn, nicht zugreifen, wie beispielsweise <em>Ihr Konto<\/em> oder <em>Ihr Profil<\/em> oder <em>Meine Bestellungen<\/em> .<\/li>\n<li>Online-Shops: wird es unm\u00f6glich sein wird, Online-Eink\u00e4ufe zu machen, m\u00fcssen telefonisch oder durch den Besuch der physischen Speicher, wenn Sie eine haben.<\/li>\n<li>Es wird nicht m\u00f6glich sein, ihren geografischen Pr\u00e4ferenzen Zeitzone, W\u00e4hrung und Sprache anpassen.<\/li>\n<li>Die Website kann nicht analytischen Web-Besucher und Verkehr durchzuf\u00fchren, die im Internet, dass es schwierig f\u00fcr die Website, um wettbewerbsf\u00e4hig zu sein.<\/li>\n<li>Sie k\u00f6nnen nicht auf dem Blog zu schreiben, k\u00f6nnen Sie keine Fotos, Kommentare hochladen, bewerten oder Rate Gehalt.Die Bahn kann nicht, ob Sie ein Mensch oder eine automatisierte Anwendung, die ver\u00f6ffentlicht sind <em>Spam<\/em> .<\/li>\n<li>Keine Werbung kann zeigen geschnittene, wodurch die Werbeeinnahmen im Internet.<\/li>\n<li>Alle sozialen Netzwerke nutzen <em>Cookies<\/em> , wenn der Behinderte nicht verwenden k\u00f6nnen jeder sozialen Netzwerk.<\/li>\n<\/ul>\n<h2>KANN ICH ENTFERNEN SIE <em>COOKIES<\/em> ?<\/h2>\n<p>Ja. Nicht nur die Beseitigung auch blockieren, allgemeiner oder besonderer Art, um eine bestimmte Dom\u00e4ne.<\/p>\n<p>So entfernen Sie <em>Cookies<\/em> von einer Website sollten die Browsereinstellungen gehen und dort k\u00f6nnen Sie die zugeh\u00f6rige Dom\u00e4ne in Frage zu finden, und fahren Sie ihre Beseitigung kann.<\/p>\n<h2 id=\"navegadores\">KONFIGURIEREN VON <em>COOKIES<\/em> F\u00dcR DEN BROWSER POLULARES<\/h2>\n<p>Hier ist, wie ein Zugriff auf <em>Cookie<\/em> bestimmten Browser <b>Chrome<\/b> . Hinweis: Diese Schritte k\u00f6nnen je nach Browser-Version variieren:<\/p>\n<ol>\n<li>Gehen Sie zu Einstellungen oder Einstellungen \u00fcber das Men\u00fc Datei oder durch Klicken auf das Symbol, das Personalisierungs oben rechts angezeigt.<\/li>\n<li>Sie sehen verschiedene Abschnitte, klicken Sie auf die Option <em>Erweiterte Optionen anzeigen<\/em> .<\/li>\n<li>Zum <em>Datenschutz<\/em> , <em>Content-Einstellungen<\/em> .<\/li>\n<li>W\u00e4hlen Sie <em>alle <em>Cookies<\/em> und Websitedaten<\/em> .<\/li>\n<li>erscheint eine Liste mit allen <em>Cookies<\/em> durch Domain bestellt. Um es einfacher zu finden, um die <em>Cookies<\/em> von einer bestimmten Dom\u00e4ne teilweise oder vollst\u00e4ndig geben Sie die Adresse in das Feld <em>Search Cookies<\/em> .<\/li>\n<li>Nach dieser Filter wird auf dem Bildschirm eine oder mehrere Zeilen mit den erscheinen <em>Cookies<\/em> der Web-Anfrage. Jetzt w\u00e4hlen Sie sie einfach aus und dr\u00fccken <em>X<\/em> , um zu seiner Beseitigung gehen.<\/li>\n<\/ol>\n<p>Um die Konfiguration zugreifen <em>Cookies<\/em> der Browser <b>Internet Explorer<\/b> gehen Sie folgenderma\u00dfen vor (je nach Version des Browsers variieren):<\/p>\n<ol>\n<li>Zum <em>Extras<\/em> , <em>Internetoptionen<\/em><\/li>\n<li>Klicken Sie auf <em>Datenschutz<\/em> .<\/li>\n<li>Verschieben Sie den Regler, um das Niveau der Privatsph\u00e4re Sie wollen einstellen.<\/li>\n<\/ol>\n<p>Um die Konfiguration zugreifen <em>Cookies<\/em> der Browser <b>Firefox<\/b> gehen Sie folgenderma\u00dfen vor (je nach Version des Browsers variieren):<\/p>\n<ol>\n<li>Zum <em>Optionen<\/em> oder <em>Einstellungen<\/em> f\u00fcr Ihr Betriebssystem.<\/li>\n<li>Klicken Sie auf <em>Datenschutz<\/em> .<\/li>\n<li>In <em>History<\/em> w\u00e4hlen <em>benutzerdefinierten Einstellungen anlegen Geschichte<\/em> .<\/li>\n<li>Nun sehen Sie die Option <em>Cookies akzeptieren<\/em> , k\u00f6nnen Sie aktivieren oder deaktivieren Sie, wie gew\u00fcnscht.<\/li>\n<\/ol>\n<p>Um die Konfiguration zugreifen <em>Cookies<\/em> Browser <b>f\u00fcr OSX Safari<\/b> gehen Sie folgenderma\u00dfen vor (je nach Version des Browsers variieren):<\/p>\n<ol>\n<li>Zum <em>Preferences<\/em> , dann <em>Datenschutz<\/em> .<\/li>\n<li>Hier haben Sie die M\u00f6glichkeit zu sehen <em>Block-Cookies<\/em> , um die Art der Sperre durchf\u00fchren zu passen.<\/li>\n<\/ol>\n<p>Um die Konfiguration zugreifen <em>Cookies<\/em> des Browsers <b>Safari f\u00fcr iOS<\/b> gehen Sie folgenderma\u00dfen vor (je nach Version des Browsers variieren):<\/p>\n<ol>\n<li>Zum <em>Settings<\/em> , dann <em>Safari<\/em> .<\/li>\n<li>Es wird <em>Datenschutz und Sicherheit<\/em> finden Sie in den Optionen <em>Block-Cookies<\/em> zur Einstellung der Art der Sperre durchzuf\u00fchren.<\/li>\n<\/ol>\n<p>, Um die Einstellung Zugriff <em>Cookies<\/em> in Ihrem Browser, um Ger\u00e4te <b>Android<\/b> folgenderma\u00dfen vor (je nach Version des Browsers variieren):<\/p>\n<ol>\n<li>F\u00fchren Sie den Browser, und dr\u00fccken Sie <em>Men\u00fc<\/em> , dann <em>Einstellungen<\/em> .<\/li>\n<li>Zum <em>Datenschutz und Sicherheit<\/em> finden Sie die Option <em>Cookies akzeptieren<\/em> , um aktivieren oder deaktivieren Sie das Kontrollk\u00e4stchen.<\/li>\n<\/ol>\n<p>, Um die Einstellung Zugriff <em>Cookies<\/em> in Ihrem Browser, um Ger\u00e4te <b>Windows Phone<\/b> folgenderma\u00dfen vor (je nach Version des Browsers variieren):<\/p>\n<ol>\n<li>\u00d6ffnen Sie <em>Internet Explorer<\/em> , dann <em>Weitere<\/em> , dann <em>Einstellungen<\/em><\/li>\n<li>Jetzt k\u00f6nnen Sie aktivieren oder deaktivieren Sie die <em>Cookies zulassen<\/em> .<\/li>\n<\/ol>\n<\/div><\/div><\/div><\/div>\n","protected":false},"excerpt":{"rendered":"","protected":false},"author":1,"featured_media":0,"parent":0,"menu_order":0,"comment_status":"closed","ping_status":"closed","template":"template-layout-full-width.php","meta":{"_joinchat":[],"footnotes":""},"class_list":["post-949","page","type-page","status-publish","hentry","no-post-thumbnail"],"_links":{"self":[{"href":"https:\/\/casatabierna.com\/de\/wp-json\/wp\/v2\/pages\/949","targetHints":{"allow":["GET"]}}],"collection":[{"href":"https:\/\/casatabierna.com\/de\/wp-json\/wp\/v2\/pages"}],"about":[{"href":"https:\/\/casatabierna.com\/de\/wp-json\/wp\/v2\/types\/page"}],"author":[{"embeddable":true,"href":"https:\/\/casatabierna.com\/de\/wp-json\/wp\/v2\/users\/1"}],"replies":[{"embeddable":true,"href":"https:\/\/casatabierna.com\/de\/wp-json\/wp\/v2\/comments?post=949"}],"version-history":[{"count":3,"href":"https:\/\/casatabierna.com\/de\/wp-json\/wp\/v2\/pages\/949\/revisions"}],"predecessor-version":[{"id":1015,"href":"https:\/\/casatabierna.com\/de\/wp-json\/wp\/v2\/pages\/949\/revisions\/1015"}],"wp:attachment":[{"href":"https:\/\/casatabierna.com\/de\/wp-json\/wp\/v2\/media?parent=949"}],"curies":[{"name":"wp","href":"https:\/\/api.w.org\/{rel}","templated":true}]}}