{"id":948,"date":"2015-06-27T17:33:26","date_gmt":"2015-06-27T17:33:26","guid":{"rendered":"https:\/\/casatabierna.com\/de\/?page_id=948"},"modified":"2015-06-27T23:16:00","modified_gmt":"2015-06-27T23:16:00","slug":"datenschutzbestimmungen","status":"publish","type":"page","link":"https:\/\/casatabierna.com\/de\/datenschutzbestimmungen\/","title":{"rendered":"Datenschutzbestimmungen"},"content":{"rendered":"<div id=\"x-section-1\" class=\"x-section\" style=\"margin: 0px 0px 0px 0px; padding: 45px 0px 45px 0px;  background-color: transparent;\" ><div id=\"\" class=\"x-container max width\" style=\"margin: 0px auto 0px auto; padding: 0px 0px 0px 0px; \" ><div  class=\"x-column x-sm x-1-1\" style=\"padding: 0px 0px 0px 0px; \" ><div id=\"\" class=\"x-text\" style=\"\" ><p>COMPANY SL als Inhaber DOMINIO.com, in VOLLST\u00c4NDIGE ANSCHRIFT etabliert ist besorgt \u00fcber die Sicherheit und um zu gew\u00e4hrleisten, und zum Schutz der Privatsph\u00e4re der Daten von den Nutzern unserer Website zur Verf\u00fcgung gestellt. Deshalb garantieren wir, dass die Datenverarbeitung unter gef\u00fchrt\u00a0 <strong>Sicherheitsstufen<\/strong> \u00a0, die den Verlust, Manipulation von Daten oder unbefugten Zugriff zu verhindern.<\/p>\n<p>Um den Bestimmungen entsprechen\u00a0 <strong>Gesetz 15\/1999, vom 13. Dezember Schutz personenbezogener Daten<\/strong> \u00a0und ihrer Durchf\u00fchrungsbestimmungen, informiert BUSINESS SL, dass alle pers\u00f6nlichen Daten, die unsere Nutzer zur DOMINIO.com einschlie\u00dflich der IP-Adresse des Computers, von dem accede-, sei es durch eine Registrierung oder Abonnement-Dienste-Website oder durch Senden Kommentare oder Bemerkungen per E-Mail, Web, Formulare etc., werden in einer Datei ordnungsgem\u00e4\u00df im Register der Datenschutzbeh\u00f6rde, die im Besitz und verwaltet COMPANY SL registriert enthalten und werden streng vertraulich behandelt.<\/p>\n<p>Die\u00a0 <strong>Daten<\/strong> \u00a0, die Benutzer fragen DOMINIO.com wird darauf abzielen, Dienstleistungen, die erforderlich sind, zur Verf\u00fcgung stellen, Website-Management, statistische Untersuchungen zu verwalten oder per jedem Kanal (Post oder E-Mail, Telefon oder Handy , SMS, MMS, Internet, etc.) verkaufsf\u00f6rdernden Informationen und Nachrichten aller Aktivit\u00e4ten, Ma\u00dfnahmen im Zusammenhang JETZT SL, insbesondere solche, um Angebote, die entwickelt werden, Aktivit\u00e4ten, etc. im Zusammenhang<\/p>\n<p>COMPANY SL hat die implementierten\u00a0 <strong>Sicherheitsma\u00dfnahmen<\/strong> \u00a0durch die derzeitigen Rechtsvorschriften f\u00fcr den Schutz personenbezogener Daten erforderlich ist, und hat die notwendigen technischen Voraussetzungen entwickelt, um die Vertraulichkeit der Daten zu gew\u00e4hrleisten, verhindern den Verlust, Ver\u00e4nderung und den Zugang. Allerdings sollte der Benutzer beachten Sie, dass Sicherheitsma\u00dfnahmen im Internet nicht narrensicher.<\/p>\n<p>COMPANY SL untersagt die Nutzung der Dienste von ihrer Website, um\u00a0 <strong>Kinder unter 14 Jahren<\/strong> . Dar\u00fcber hinaus beraten COMPANY SL, dass Minderj\u00e4hrige (14 bis 18), wenden Sie sich an ihren Eltern, bevor Sie pers\u00f6nliche Daten und Berichte, dass in jedem Fall Daten an andere Familienmitglieder ohne die gesammelt werden Zustimmung der Inhaber davon.<\/p>\n<p>Wenn die erforderlichen pers\u00f6nlichen Daten (entweder f\u00fcr die Registrierung oder ein Abonnement f\u00fcr jede Art der Versendung von Waren im Sinne der Kommentare, etc.) oder das nicht akzeptiert Datenschutzrichtlinie beinhaltet keine\u00a0<strong>Unf\u00e4higkeit, erhalten<\/strong> \u00a0diese Leistungen.<\/p>\n<p>Der Benutzer garantiert, dass die pers\u00f6nlichen Daten wahr und richtig sind DOMINIO.com beh\u00e4lt COMPANY SL das Recht vor, Service-Website f\u00fcr alle Benutzer, die falsche Angaben zu anderen Ma\u00dfnahmen gesetzlich vorgeschrieben zur Verf\u00fcgung gestellt hat, unbeschadet zu verweigern.<\/p>\n<p>COMPANY SL ist der einzige Empf\u00e4nger der Daten. Interessierte Parteien k\u00f6nnen ihre Rechte auf Auskunft, Berichtigung, L\u00f6schung und Widerspruch in rechtlicher Hinsicht auf folgenden Wegen aus\u00fcben:<\/p>\n<p>&#8211; Senden einer schriftlichen VOLLST\u00c4NDIGE ADRESSE Note, die besagt: &#8222;Abbrechen Daten (Internet)&#8220;.<\/p>\n<p>&#8211; E-Mail an <a href=\"mailto:yourname@yourdomain.com\" target=\"_blank\">yourname@yourdomain.com.<\/a><\/p>\n<\/div><\/div><\/div><\/div>\n","protected":false},"excerpt":{"rendered":"","protected":false},"author":1,"featured_media":0,"parent":0,"menu_order":0,"comment_status":"closed","ping_status":"closed","template":"template-layout-full-width.php","meta":{"_joinchat":[],"footnotes":""},"class_list":["post-948","page","type-page","status-publish","hentry","no-post-thumbnail"],"_links":{"self":[{"href":"https:\/\/casatabierna.com\/de\/wp-json\/wp\/v2\/pages\/948","targetHints":{"allow":["GET"]}}],"collection":[{"href":"https:\/\/casatabierna.com\/de\/wp-json\/wp\/v2\/pages"}],"about":[{"href":"https:\/\/casatabierna.com\/de\/wp-json\/wp\/v2\/types\/page"}],"author":[{"embeddable":true,"href":"https:\/\/casatabierna.com\/de\/wp-json\/wp\/v2\/users\/1"}],"replies":[{"embeddable":true,"href":"https:\/\/casatabierna.com\/de\/wp-json\/wp\/v2\/comments?post=948"}],"version-history":[{"count":3,"href":"https:\/\/casatabierna.com\/de\/wp-json\/wp\/v2\/pages\/948\/revisions"}],"predecessor-version":[{"id":1016,"href":"https:\/\/casatabierna.com\/de\/wp-json\/wp\/v2\/pages\/948\/revisions\/1016"}],"wp:attachment":[{"href":"https:\/\/casatabierna.com\/de\/wp-json\/wp\/v2\/media?parent=948"}],"curies":[{"name":"wp","href":"https:\/\/api.w.org\/{rel}","templated":true}]}}