{"id":944,"date":"2015-06-27T17:32:15","date_gmt":"2015-06-27T17:32:15","guid":{"rendered":"https:\/\/casatabierna.com\/de\/?page_id=944"},"modified":"2015-06-27T23:24:35","modified_gmt":"2015-06-27T23:24:35","slug":"preise","status":"publish","type":"page","link":"https:\/\/casatabierna.com\/de\/preise\/","title":{"rendered":"Preise"},"content":{"rendered":"<div id=\"x-section-1\" class=\"x-section\" style=\"margin: 0px 0px 0px 0px; padding: 25px 0px 25px 0px;  background-color: transparent;\" ><div id=\"\" class=\"x-container max width\" style=\"margin: 0px auto 0px auto; padding: 0px 0px 0px 0px; \" ><div  class=\"x-column x-sm x-1-1\" style=\"padding: 0px 0px 0px 0px; \" ><div id=\"\" class=\"x-text\" style=\"\" ><p>\n<table id=\"tablepress-4\" class=\"tablepress tablepress-id-4\" aria-describedby=\"tablepress-4-description\">\n<thead>\n<tr class=\"row-1\">\n\t<td class=\"column-1\"><\/td><th class=\"column-2\">NEBENSAISON<\/th><th class=\"column-3\">TEMP MEDIA<\/th><th class=\"column-4\">HAUPTSAISON<\/th>\n<\/tr>\n<\/thead>\n<tbody class=\"row-striping row-hover\">\n<tr class=\"row-2\">\n\t<td class=\"column-1\">Tag (mindestens zwei Tage)<\/td><td class=\"column-2\">  65 \u20ac<\/td><td class=\"column-3\"><\/td><td class=\"column-4\">  75 \u20ac<\/td>\n<\/tr>\n<tr class=\"row-3\">\n\t<td class=\"column-1\">Wochenende<\/td><td class=\"column-2\">130 \u20ac<\/td><td class=\"column-3\"><\/td><td class=\"column-4\">150 \u20ac<\/td>\n<\/tr>\n<tr class=\"row-4\">\n\t<td class=\"column-1\">Woche<\/td><td class=\"column-2\">440 \u20ac<\/td><td class=\"column-3\"><\/td><td class=\"column-4\">500 \u20ac<\/td>\n<\/tr>\n<\/tbody>\n<\/table>\n<span id=\"tablepress-4-description\" class=\"tablepress-table-description tablepress-table-description-id-4\">HINWEIS: Der November und Dezember-Januar-Februar-M\u00e4rz wird ein Anstieg von 5 \u20ac pro Tag f\u00fcr die Heizung sein.<br \/>\nNur Basis.<br \/>\nMerken<br \/>\n*** F\u00fcr l\u00e4ngere Aufenthalte konsultieren Preis ***<\/span>\n<\/p>\n<\/div><\/div><\/div><\/div><div id=\"x-section-2\" class=\"x-section\" style=\"margin: 0px 0px 0px 0px; padding: 25px 0px 25px 0px;  background-color: transparent;\" ><div id=\"\" class=\"x-container max width\" style=\"margin: 0px auto 0px auto; padding: 0px 0px 0px 0px; \" ><div  class=\"x-column x-sm x-1-1\" style=\"padding: 0px 0px 0px 0px; \" ><h2  class=\"h-custom-headline h2\" ><span>JAHRESZEITEN<\/span><\/h2><hr  class=\"x-hr\" ><div id=\"\" class=\"x-text\" style=\"\" ><p><strong>&#8211; Hochsaison:<\/strong> Vom 5. bis 8. Dezember und vom 26. Dezember bis 31; 1 bis 6. Januar von 29. bis 31. Januar; 6-7-13-14-20-21-27-28 Februar; 6-7-13-14-20-21-27-28 M\u00e4rz; 1 bis 5. April.<\/p>\n<p><strong>&#8211; Zwischensaison:<\/strong> \u00a019 und 20. Dezember; Januar 9-10-16-17-23-24; 15 bis Februar 19; M\u00e4rz 05-19; 11\/10\/30 April; MAI 1-2.<\/p>\n<p><strong>&#8211; Nebensaison:<\/strong> Rest des Jahres.<\/p>\n<\/div><\/div><\/div><\/div><div id=\"x-section-3\" class=\"x-section\" style=\"margin: 0px 0px 0px 0px; padding: 25px 0px 45px 0px;  background-color: transparent;\" ><div id=\"\" class=\"x-container   max width\" style=\"margin: 0px auto 25px auto; padding: 0px 0px 0px 0px; \" ><div  class=\"x-column x-sm x-1-1\" style=\"padding: 0px 0px 0px 0px; \" ><h2  class=\"h-custom-headline left-text man h2\" ><span>H\u00c4UFIGE FRAGEN<\/span><\/h2><hr  class=\"x-hr\" ><\/div><\/div><div id=\"\" class=\"x-container max width\" style=\"margin: 0px auto 0px auto; padding: 0px 0px 0px 0px; \" ><div  class=\"x-column x-sm left-text  x-1-2\" style=\"padding: 0px 0px 0px 0px; \" ><div id=\"faq-1\" class=\"x-accordion\" ><div  class=\"x-accordion-group\" ><div class=\"x-accordion-heading\"><a id=\"tab-69db58db39fbe\" class=\"x-accordion-toggle collapsed\" role=\"tab\" data-x-toggle=\"collapse-b\" data-x-toggleable=\"69db58db39fbe\" data-x-toggle-group=\"faq-1\" aria-selected=\"false\" aria-expanded=\"false\" aria-controls=\"panel-69db58db39fbe\"><i class='x-framework-icon x-shortcode-accordion-icon' data-x-icon-s='&#x2b;' aria-hidden=true><\/i><span>Hat das Haus hat einen Reinigungsservice verbunden?<\/span><\/a><\/div><div id=\"panel-69db58db39fbe\" class=\"x-accordion-body x-collapsed\" role=\"tabpanel\" data-x-toggle-collapse=\"1\" data-x-toggleable=\"69db58db39fbe\" aria-hidden=\"true\" aria-labelledby=\"tab-69db58db39fbe\"><div class=\"x-accordion-inner\">\n<p>Lorem ipsum dolor sit amet, consectetur adipiscing elit. Pellentesque pretium, nisi ut volutpat mollis, leo risus interdum arcu, eget facilisis quam felis id mauris. Ut convallis, lacus nec ornare volutpat, velit turpis scelerisque purus, quis mollis velit purus ac massa. Fusce quis urna metus. Donec et lacus et sem lacinia cursus.<\/p>\n<\/div><\/div><\/div><div  class=\"x-accordion-group\" ><div class=\"x-accordion-heading\"><a id=\"tab-69db58db3a075\" class=\"x-accordion-toggle collapsed\" role=\"tab\" data-x-toggle=\"collapse-b\" data-x-toggleable=\"69db58db3a075\" data-x-toggle-group=\"faq-1\" aria-selected=\"false\" aria-expanded=\"false\" aria-controls=\"panel-69db58db3a075\"><i class='x-framework-icon x-shortcode-accordion-icon' data-x-icon-s='&#x2b;' aria-hidden=true><\/i><span>Kann ich mein Haustier in der Unterkunft?<\/span><\/a><\/div><div id=\"panel-69db58db3a075\" class=\"x-accordion-body x-collapsed\" role=\"tabpanel\" data-x-toggle-collapse=\"1\" data-x-toggleable=\"69db58db3a075\" aria-hidden=\"true\" aria-labelledby=\"tab-69db58db3a075\"><div class=\"x-accordion-inner\">\n<p>Lorem ipsum dolor sit amet, consectetur adipiscing elit. Pellentesque pretium, nisi ut volutpat mollis, leo risus interdum arcu, eget facilisis quam felis id mauris. Ut convallis, lacus nec ornare volutpat, velit turpis scelerisque purus, quis mollis velit purus ac massa. Fusce quis urna metus. Donec et lacus et sem lacinia cursus.<\/p>\n<\/div><\/div><\/div><div  class=\"x-accordion-group\" ><div class=\"x-accordion-heading\"><a id=\"tab-69db58db3a0eb\" class=\"x-accordion-toggle collapsed\" role=\"tab\" data-x-toggle=\"collapse-b\" data-x-toggleable=\"69db58db3a0eb\" data-x-toggle-group=\"faq-1\" aria-selected=\"false\" aria-expanded=\"false\" aria-controls=\"panel-69db58db3a0eb\"><i class='x-framework-icon x-shortcode-accordion-icon' data-x-icon-s='&#x2b;' aria-hidden=true><\/i><span>Sollte ich eine Art von Bettw\u00e4sche mitbringen?<\/span><\/a><\/div><div id=\"panel-69db58db3a0eb\" class=\"x-accordion-body x-collapsed\" role=\"tabpanel\" data-x-toggle-collapse=\"1\" data-x-toggleable=\"69db58db3a0eb\" aria-hidden=\"true\" aria-labelledby=\"tab-69db58db3a0eb\"><div class=\"x-accordion-inner\">\n<p>Lorem ipsum dolor sit amet, consectetur adipiscing elit. Pellentesque pretium, nisi ut volutpat mollis, leo risus interdum arcu, eget facilisis quam felis id mauris. Ut convallis, lacus nec ornare volutpat, velit turpis scelerisque purus, quis mollis velit purus ac massa. Fusce quis urna metus. Donec et lacus et sem lacinia cursus.<\/p>\n<\/div><\/div><\/div><div  class=\"x-accordion-group\" ><div class=\"x-accordion-heading\"><a id=\"tab-69db58db3a152\" class=\"x-accordion-toggle collapsed\" role=\"tab\" data-x-toggle=\"collapse-b\" data-x-toggleable=\"69db58db3a152\" data-x-toggle-group=\"faq-1\" aria-selected=\"false\" aria-expanded=\"false\" aria-controls=\"panel-69db58db3a152\"><i class='x-framework-icon x-shortcode-accordion-icon' data-x-icon-s='&#x2b;' aria-hidden=true><\/i><span>Wen sollte ich w\u00e4hrend meines Aufenthaltes im Falle eines Vorfalls in Kontakt treten?<\/span><\/a><\/div><div id=\"panel-69db58db3a152\" class=\"x-accordion-body x-collapsed\" role=\"tabpanel\" data-x-toggle-collapse=\"1\" data-x-toggleable=\"69db58db3a152\" aria-hidden=\"true\" aria-labelledby=\"tab-69db58db3a152\"><div class=\"x-accordion-inner\">\n<p>Lorem ipsum dolor sit amet, consectetur adipiscing elit. Pellentesque pretium, nisi ut volutpat mollis, leo risus interdum arcu, eget facilisis quam felis id mauris. Ut convallis, lacus nec ornare volutpat, velit turpis scelerisque purus, quis mollis velit purus ac massa. Fusce quis urna metus. Donec et lacus et sem lacinia cursus.<\/p>\n<\/div><\/div><\/div><\/div><\/div><div  class=\"x-column x-sm x-1-2\" style=\"padding: 0px 0px 0px 0px; \" ><div id=\"faq-2\" class=\"x-accordion\" ><div  class=\"x-accordion-group\" ><div class=\"x-accordion-heading\"><a id=\"tab-69db58db3a36b\" class=\"x-accordion-toggle collapsed\" role=\"tab\" data-x-toggle=\"collapse-b\" data-x-toggleable=\"69db58db3a36b\" data-x-toggle-group=\"faq-2\" aria-selected=\"false\" aria-expanded=\"false\" aria-controls=\"panel-69db58db3a36b\"><i class='x-framework-icon x-shortcode-accordion-icon' data-x-icon-s='&#x2b;' aria-hidden=true><\/i><span>Wer wird mich sehen und werden die Schl\u00fcssel f\u00fcr die Wohnung zur Verf\u00fcgung stellen?<\/span><\/a><\/div><div id=\"panel-69db58db3a36b\" class=\"x-accordion-body x-collapsed\" role=\"tabpanel\" data-x-toggle-collapse=\"1\" data-x-toggleable=\"69db58db3a36b\" aria-hidden=\"true\" aria-labelledby=\"tab-69db58db3a36b\"><div class=\"x-accordion-inner\">\n<p>Lorem ipsum dolor sit amet, consectetur adipiscing elit. Pellentesque pretium, nisi ut volutpat mollis, leo risus interdum arcu, eget facilisis quam felis id mauris. Ut convallis, lacus nec ornare volutpat, velit turpis scelerisque purus, quis mollis velit purus ac massa. Fusce quis urna metus. Donec et lacus et sem lacinia cursus.<\/p>\n<\/div><\/div><\/div><div  class=\"x-accordion-group\" ><div class=\"x-accordion-heading\"><a id=\"tab-69db58db3a3e2\" class=\"x-accordion-toggle collapsed\" role=\"tab\" data-x-toggle=\"collapse-b\" data-x-toggleable=\"69db58db3a3e2\" data-x-toggle-group=\"faq-2\" aria-selected=\"false\" aria-expanded=\"false\" aria-controls=\"panel-69db58db3a3e2\"><i class='x-framework-icon x-shortcode-accordion-icon' data-x-icon-s='&#x2b;' aria-hidden=true><\/i><span>Welche Stunden habe dies dem Hotel zu verlassen und die Schl\u00fcssel?<\/span><\/a><\/div><div id=\"panel-69db58db3a3e2\" class=\"x-accordion-body x-collapsed\" role=\"tabpanel\" data-x-toggle-collapse=\"1\" data-x-toggleable=\"69db58db3a3e2\" aria-hidden=\"true\" aria-labelledby=\"tab-69db58db3a3e2\"><div class=\"x-accordion-inner\">\n<p>Lorem ipsum dolor sit amet, consectetur adipiscing elit. Pellentesque pretium, nisi ut volutpat mollis, leo risus interdum arcu, eget facilisis quam felis id mauris. Ut convallis, lacus nec ornare volutpat, velit turpis scelerisque purus, quis mollis velit purus ac massa. Fusce quis urna metus. Donec et lacus et sem lacinia cursus.<\/p>\n<\/div><\/div><\/div><div  class=\"x-accordion-group\" ><div class=\"x-accordion-heading\"><a id=\"tab-69db58db3a450\" class=\"x-accordion-toggle collapsed\" role=\"tab\" data-x-toggle=\"collapse-b\" data-x-toggleable=\"69db58db3a450\" data-x-toggle-group=\"faq-2\" aria-selected=\"false\" aria-expanded=\"false\" aria-controls=\"panel-69db58db3a450\"><i class='x-framework-icon x-shortcode-accordion-icon' data-x-icon-s='&#x2b;' aria-hidden=true><\/i><span>Wie viele Personen k\u00f6nnen im Haus zu bleiben?<\/span><\/a><\/div><div id=\"panel-69db58db3a450\" class=\"x-accordion-body x-collapsed\" role=\"tabpanel\" data-x-toggle-collapse=\"1\" data-x-toggleable=\"69db58db3a450\" aria-hidden=\"true\" aria-labelledby=\"tab-69db58db3a450\"><div class=\"x-accordion-inner\">\n<p>Lorem ipsum dolor sit amet, consectetur adipiscing elit. Pellentesque pretium, nisi ut volutpat mollis, leo risus interdum arcu, eget facilisis quam felis id mauris. Ut convallis, lacus nec ornare volutpat, velit turpis scelerisque purus, quis mollis velit purus ac massa. Fusce quis urna metus. Donec et lacus et sem lacinia cursus.<\/p>\n<\/div><\/div><\/div><\/div><\/div><\/div><\/div>\n","protected":false},"excerpt":{"rendered":"","protected":false},"author":1,"featured_media":0,"parent":0,"menu_order":0,"comment_status":"closed","ping_status":"closed","template":"template-layout-full-width.php","meta":{"_joinchat":[],"footnotes":""},"class_list":["post-944","page","type-page","status-publish","hentry","no-post-thumbnail"],"_links":{"self":[{"href":"https:\/\/casatabierna.com\/de\/wp-json\/wp\/v2\/pages\/944","targetHints":{"allow":["GET"]}}],"collection":[{"href":"https:\/\/casatabierna.com\/de\/wp-json\/wp\/v2\/pages"}],"about":[{"href":"https:\/\/casatabierna.com\/de\/wp-json\/wp\/v2\/types\/page"}],"author":[{"embeddable":true,"href":"https:\/\/casatabierna.com\/de\/wp-json\/wp\/v2\/users\/1"}],"replies":[{"embeddable":true,"href":"https:\/\/casatabierna.com\/de\/wp-json\/wp\/v2\/comments?post=944"}],"version-history":[{"count":4,"href":"https:\/\/casatabierna.com\/de\/wp-json\/wp\/v2\/pages\/944\/revisions"}],"predecessor-version":[{"id":1022,"href":"https:\/\/casatabierna.com\/de\/wp-json\/wp\/v2\/pages\/944\/revisions\/1022"}],"wp:attachment":[{"href":"https:\/\/casatabierna.com\/de\/wp-json\/wp\/v2\/media?parent=944"}],"curies":[{"name":"wp","href":"https:\/\/api.w.org\/{rel}","templated":true}]}}